{"id":415,"date":"2017-01-22T09:26:42","date_gmt":"2017-01-22T09:26:42","guid":{"rendered":"https:\/\/old.freimaurerei.ch\/agenda\/"},"modified":"2026-03-30T08:52:53","modified_gmt":"2026-03-30T06:52:53","slug":"agenda","status":"publish","type":"page","link":"https:\/\/old.freimaurerei.ch\/en\/agenda\/","title":{"rendered":"Agenda"},"content":{"rendered":"<h3>2026<\/h3>\n<p style=\"font-weight: 400;\"><strong>Italiano<\/strong><br \/>\n30.05.2026 \u2013 ore 10:00 \u2013 Sabato<br \/>\nAssemblea dei Delegati della GLSA a Nottwil<\/p>\n<p style=\"font-weight: 400;\">\n<p style=\"font-weight: 400;\"><strong>Fran\u00e7ais<\/strong><br \/>\n30.05.2026 \u2013 10h00 \u2013 Samedi<br \/>\nAssembl\u00e9e des D\u00e9l\u00e9gu\u00e9s de la GLSA \u00e0 Nottwil<\/p>\n<p style=\"font-weight: 400;\">\n<p style=\"font-weight: 400;\"><strong>Deutsch (Svizzera)<\/strong><br \/>\n30.05.2026 \u2013 10:00 Uhr \u2013 Samstag<br \/>\nDelegiertenversammlung der SGLA in Nottwil<\/p>\n<p style=\"font-weight: 400;\">\n<p style=\"font-weight: 400;\"><strong>English<\/strong><br \/>\n30.05.2026 \u2013 10:00 a.m. \u2013 Saturday<br \/>\nAssembly of Delegates of the GLSA in Nottwil<\/p>\n","protected":false},"excerpt":{"rendered":"<p>2026 Italiano 30.05.2026 \u2013 ore 10:00 \u2013 Sabato Assemblea dei Delegati della GLSA a Nottwil Fran\u00e7ais 30.05.2026 \u2013 10h00 \u2013 [&hellip;]<\/p>\n","protected":false},"author":12,"featured_media":0,"parent":0,"menu_order":0,"comment_status":"closed","ping_status":"closed","template":"","meta":{"_uf_show_specific_survey":0,"_uf_disable_surveys":false,"footnotes":""},"class_list":["post-415","page","type-page","status-publish","hentry"],"aioseo_notices":[],"_links":{"self":[{"href":"https:\/\/old.freimaurerei.ch\/en\/wp-json\/wp\/v2\/pages\/415","targetHints":{"allow":["GET"]}}],"collection":[{"href":"https:\/\/old.freimaurerei.ch\/en\/wp-json\/wp\/v2\/pages"}],"about":[{"href":"https:\/\/old.freimaurerei.ch\/en\/wp-json\/wp\/v2\/types\/page"}],"author":[{"embeddable":true,"href":"https:\/\/old.freimaurerei.ch\/en\/wp-json\/wp\/v2\/users\/12"}],"replies":[{"embeddable":true,"href":"https:\/\/old.freimaurerei.ch\/en\/wp-json\/wp\/v2\/comments?post=415"}],"version-history":[{"count":15,"href":"https:\/\/old.freimaurerei.ch\/en\/wp-json\/wp\/v2\/pages\/415\/revisions"}],"predecessor-version":[{"id":5456,"href":"https:\/\/old.freimaurerei.ch\/en\/wp-json\/wp\/v2\/pages\/415\/revisions\/5456"}],"wp:attachment":[{"href":"https:\/\/old.freimaurerei.ch\/en\/wp-json\/wp\/v2\/media?parent=415"}],"curies":[{"name":"wp","href":"https:\/\/api.w.org\/{rel}","templated":true}]}}