{"id":230,"date":"2017-01-24T09:35:14","date_gmt":"2017-01-24T09:35:14","guid":{"rendered":"https:\/\/old.freimaurerei.ch\/schweizerische-grossloge-alpina\/"},"modified":"2022-06-27T08:05:28","modified_gmt":"2022-06-27T06:05:28","slug":"grande-loge-suisse-alpina","status":"publish","type":"page","link":"https:\/\/old.freimaurerei.ch\/fr\/","title":{"rendered":"Grande Loge Suisse Alpina"},"content":{"rendered":"<h1>Accueil du Grand Ma\u00eetre<\/h1>\n<p>Cher Visiteur<\/p>\n<p>Quel que soit le motif qui vous a conduit \u00e0 consulter ce site, je vous souhaite une chaleureuse bienvenue pour votre visite virtuelle de la Grand Loge Suisse ALPINA (GLSA).<\/p>\n<p>En cliquant sur internet sur le mot <em>franc-ma\u00e7onnerie<\/em> vous constaterez qu\u2019il existe en Suisse comme ailleurs dans le monde de multiples corps ma\u00e7onniques ou parama\u00e7onniques. La GLSA, elle, est la principale ob\u00e9dience ma\u00e7onnique r\u00e9guli\u00e8re de notre pays, elle rassemble plus de 3500 membres r\u00e9partis sur l\u2019ensemble du territoire et elle est pr\u00e9sente dans toutes les r\u00e9gions linguistiques de la Suisse.<\/p>\n<p>Notre ob\u00e9dience a \u00e9t\u00e9 fond\u00e9e en 1844, elle est une association r\u00e9gie par les dispositions du Code Civil Suisse.<\/p>\n<p>Vous trouverez sous la rubrique <em>Franc-Ma\u00e7onnerie<\/em> de ce site ce qui distingue la GLSA des autres organisations ma\u00e7onniques et ce qui en fait la particularit\u00e9.<\/p>\n<p>La Franc-Ma\u00e7onnerie se veut lieu de sociabilit\u00e9 et cercle de r\u00e9flexion, elle permet par un parcours initiatique s\u2019inspirant des traditions et r\u00e8gles des anciens b\u00e2tisseurs de cath\u00e9drale, de d\u00e9velopper un esprit libre, attach\u00e9e aux valeurs de fraternit\u00e9, de d\u00e9mocratie et de progr\u00e8s. En promouvant la tol\u00e9rance, elle affirme de fa\u00e7on intangible la Libert\u00e9 de conscience et l\u2019\u00e9galit\u00e9 des Droits.<\/p>\n<p>La Franc-Ma\u00e7onnerie ne veut exclure personne pour ses croyances, ses opinions sociales ou politiques. Elle s\u2019adresse \u00e0 des citoyens curieux, d\u00e9sireux par un travail sur soi-m\u00eame de d\u00e9velopper le sens des responsabilit\u00e9s, l\u2019esprit de fraternit\u00e9 et de tol\u00e9rance pour rendre la soci\u00e9t\u00e9 autour de lui plus humaniste et plus juste.<\/p>\n<p>Dans un monde domin\u00e9 par l\u2019int\u00e9r\u00eat personnel et atomis\u00e9 par la mondialisation cheminement \u00e0 la fois personnel et en groupe fraternel que propose la Franc-Ma\u00e7onnerie est de plus en plus actuel et pertinent, puisqu\u2019il conduit vers une soci\u00e9t\u00e9 plus tol\u00e9rante, empreinte d\u2019humanisme et d\u2019universalit\u00e9.<\/p>\n<p>Il me reste \u00e0 vous souhaiter, cher visiteur, un enrichissant moment sur notre site internet dans sa partie publique. Si cela \u00e9veille votre int\u00e9r\u00eat et que vous voulez pousser un peu plus avant votre recherche sur la Franc-Ma\u00e7onnerie, nous serons heureux de vous apporter tous les \u00e9claircissements que vous pourriez souhaiter. Il vous suffit de prendre contact, via les liens propos\u00e9s par notre site, avec une de nos Loges de votre r\u00e9gion.<\/p>\n<p>En vous remerciant de l\u2019int\u00e9r\u00eat que vous porterez \u00e0 notre Ordre, recevez, cher visiteur internaute, l\u2019expression de ma bienveillante consid\u00e9ration.<\/p>\n<p>Carlo U. Nicola<br \/>\nGrand Ma\u00eetre<\/p>\n<p>&nbsp;<\/p>\n<p><a href=\"http:\/\/old.freimaurerei.ch\/wp-content\/uploads\/2022\/06\/GMportrait.png\"><img loading=\"lazy\" decoding=\"async\" class=\"alignnone  wp-image-3428\" src=\"http:\/\/old.freimaurerei.ch\/wp-content\/uploads\/2022\/06\/GMportrait-300x300.png\" alt=\"\" width=\"250\" height=\"250\" srcset=\"https:\/\/old.freimaurerei.ch\/wp-content\/uploads\/2022\/06\/GMportrait-300x300.png 300w, https:\/\/old.freimaurerei.ch\/wp-content\/uploads\/2022\/06\/GMportrait-150x150.png 150w, https:\/\/old.freimaurerei.ch\/wp-content\/uploads\/2022\/06\/GMportrait-50x50.png 50w, https:\/\/old.freimaurerei.ch\/wp-content\/uploads\/2022\/06\/GMportrait.png 622w\" sizes=\"auto, (max-width: 250px) 100vw, 250px\" \/><\/a><\/p>\n","protected":false},"excerpt":{"rendered":"<p>Accueil du Grand Ma\u00eetre Cher Visiteur Quel que soit le motif qui vous a conduit \u00e0 consulter ce site, je [&hellip;]<\/p>\n","protected":false},"author":12,"featured_media":0,"parent":0,"menu_order":0,"comment_status":"closed","ping_status":"closed","template":"","meta":{"_uf_show_specific_survey":0,"_uf_disable_surveys":false,"footnotes":""},"class_list":["post-230","page","type-page","status-publish","hentry"],"aioseo_notices":[],"_links":{"self":[{"href":"https:\/\/old.freimaurerei.ch\/fr\/wp-json\/wp\/v2\/pages\/230","targetHints":{"allow":["GET"]}}],"collection":[{"href":"https:\/\/old.freimaurerei.ch\/fr\/wp-json\/wp\/v2\/pages"}],"about":[{"href":"https:\/\/old.freimaurerei.ch\/fr\/wp-json\/wp\/v2\/types\/page"}],"author":[{"embeddable":true,"href":"https:\/\/old.freimaurerei.ch\/fr\/wp-json\/wp\/v2\/users\/12"}],"replies":[{"embeddable":true,"href":"https:\/\/old.freimaurerei.ch\/fr\/wp-json\/wp\/v2\/comments?post=230"}],"version-history":[{"count":13,"href":"https:\/\/old.freimaurerei.ch\/fr\/wp-json\/wp\/v2\/pages\/230\/revisions"}],"predecessor-version":[{"id":3432,"href":"https:\/\/old.freimaurerei.ch\/fr\/wp-json\/wp\/v2\/pages\/230\/revisions\/3432"}],"wp:attachment":[{"href":"https:\/\/old.freimaurerei.ch\/fr\/wp-json\/wp\/v2\/media?parent=230"}],"curies":[{"name":"wp","href":"https:\/\/api.w.org\/{rel}","templated":true}]}}