{"id":236,"date":"2017-01-22T09:16:13","date_gmt":"2017-01-22T09:16:13","guid":{"rendered":"https:\/\/old.freimaurerei.ch\/was-ist-freimaurerei\/"},"modified":"2017-10-17T09:51:41","modified_gmt":"2017-10-17T07:51:41","slug":"ce-quest-la-franc-maconnerie","status":"publish","type":"page","link":"https:\/\/old.freimaurerei.ch\/fr\/ce-quest-la-franc-maconnerie\/","title":{"rendered":"Ce qu&rsquo;est la Franc-ma\u00e7onnerie"},"content":{"rendered":"<h1 class=\"style1\">Ce qu&rsquo;est la Franc-ma\u00e7onnerie<\/h1>\n<ul>\n<li>Une alliance d&rsquo;hommes libres<\/li>\n<li>Une voie de formation \u00e0 la vie<\/li>\n<li>Un enseignement de conduite morale<\/li>\n<li>Une fraternit\u00e9<\/li>\n<li>Une approche de la modernit\u00e9<\/li>\n<li>Une d\u00e9marche spirituelle<\/li>\n<li>Une soci\u00e9t\u00e9 structur\u00e9e<\/li>\n<li>Une d\u00e9marche structur\u00e9e<\/li>\n<\/ul>\n<p>La Franc-ma\u00e7onnerie est d&rsquo;abord une alliance d&rsquo;hommes libres de toutes confessions et de tous horizons sociaux. Bas\u00e9e sur la tol\u00e9rance, elle est riche de cette diversit\u00e9 confessionnelle et sociale qui s&rsquo;\u00e9panouit dans une direction commune: celle de suivre chacun le chemin de perfectionnement qui lui est propre.<\/p>\n<p>Pour cela, la Franc-ma\u00e7onnerie fournit \u00e0 chaque personne qui veut travailler sur soi-m\u00eame les outils du Symbolisme et de la Tradition. Elle est une \u00e9cole de vie et un enseignement de conduite morale o\u00f9 chacun peut s\u2019\u00e9panouir par lui-m\u00eame.<\/p>\n<p>Elle est une fraternit\u00e9 qui permet de s\u2019enrichir de chacun et de r\u00e9pondre concr\u00e8tement aux probl\u00e8mes que notre temps pose \u00e0 chacun d\u2019entre nous \u00e0 travers la multiplicit\u00e9 des points de vue. La modernit\u00e9 n\u2019appelle plus une pens\u00e9e monolithique, mais elle prend en compte la complexit\u00e9 et la richesse de nos relations.<\/p>\n<p>Elle est une d\u00e9marche spirituelle, structur\u00e9e \u00e0 la fois en tant qu\u2019organisation humaine et en tant que chemin. L\u2019organisation ma\u00e7onnique est l\u00e0 pour assurer la libert\u00e9 et l\u2019ind\u00e9pendance de travail de chacun, tout en assurant un soutien collectif. Le chemin est fait d\u2019\u00e9tapes qui permettent d\u2019\u00e9voluer progressivement sans qu\u2019aucune relation de pouvoir ne soit possible.<\/p>\n<p>Par ce m\u00e9lange, qui peut para\u00eetre \u00e9tonnant, de libert\u00e9 individuelle et de tradition, la Franc-ma\u00e7onnerie a ainsi surv\u00e9cu intacte du 18e si\u00e8cle \u00e0 nos jours en \u00e9tant, en m\u00eame temps, toujours la m\u00eame et jamais d\u00e9pass\u00e9e.<\/p>\n<h2><b>Une alliance d\u2019hommes libres<\/b><\/h2>\n<p>Il est important de cultiver autant la libert\u00e9 de l&rsquo;autre que la sienne propre. En respectant la libert\u00e9 de l&rsquo;autre, non seulement on s&rsquo;enrichit de sa pens\u00e9e et de ses exp\u00e9riences mais, plus que cela, on d\u00e9couvre parfois que nos propres certitudes n&rsquo;en sont pas forc\u00e9ment. Il ne s&rsquo;agit pas de r\u00e9aliser un syncr\u00e9tisme des religions et des humanismes, mais d&rsquo;ouvrir son esprit aux diverses cultures universelles qui ont contribu\u00e9 \u00e0 l&rsquo;enrichissement de la pens\u00e9e humaine. En respectant la libert\u00e9 de l&rsquo;autre, on conquiert sa propre libert\u00e9, au-del\u00e0 des sch\u00e9mas, habitudes et croyances que nous avons adopt\u00e9s inconsciemment. L&rsquo;homme se rattache \u00e0 des traditions particuli\u00e8res, nationales et religieuses. Aussi, il ne s&rsquo;agit pas forc\u00e9ment de rejeter ses croyances, mais de les adopter en conscience, en toute libert\u00e9. Finalement, cette libert\u00e9 s\u2019exerce jusqu\u2019\u00e0 la possibilit\u00e9 de se retirer en tout temps si la d\u00e9marche ma\u00e7onnique ne convient pas \u00e0 sa personnalit\u00e9.<\/p>\n<h2><b>Une voie de formation \u00e0 la vie<\/b><\/h2>\n<p>L&rsquo;unit\u00e9 biologique de l&rsquo;humanit\u00e9 suppose la suppression du racisme. Il n&rsquo;y a pas d&rsquo;hommes sup\u00e9rieurs ou inf\u00e9rieurs, mais uniquement une grande diversit\u00e9 ethnique et culturelle, ainsi que des degr\u00e9s divers dans l&rsquo;\u00e9volution des soci\u00e9t\u00e9s humaines. Solidaire avec tous les \u00eatres dans l&rsquo;unit\u00e9 cosmique, de l&rsquo;infiniment petit \u00e0 l&rsquo;infiniment grand, l&rsquo;homme conscient se sent uni \u00e0 l&rsquo;esprit \u00e9ternel, Ame ou Architecture du Cosmos, symbole de la perfection, sans repr\u00e9sentation dogmatique.<\/p>\n<h2><b>Un enseignement de conduite morale<\/b><\/h2>\n<p>Ce mot de morale, chass\u00e9 \u00e0 une certaine \u00e9poque pour dogmatisme et revenu aujourd&rsquo;hui sous le nom d&rsquo;\u00e9thique, recouvre de nombreux sens. Dans le contexte ma\u00e7onnique du perfectionnement de l&rsquo;individu, il peut signifier quelque chose de tr\u00e8s simple et qui fait partie de ce travail vers la libert\u00e9, \u00e0 savoir la mise en accord de nos pens\u00e9es et de nos actes. Cet accord est loin d&rsquo;\u00eatre facile \u00e0 r\u00e9aliser dans le contexte de la vie contemporaine et demande du courage.<\/p>\n<h2><b>Une fraternit\u00e9<\/b><\/h2>\n<p>Dans cette recherche du perfectionnement, il est important de trouver un ensemble de personnes sur le m\u00eame chemin pour \u00e9changer ses exp\u00e9riences, se soutenir les uns les autres et exp\u00e9rimenter les vertus de la tol\u00e9rance. C&rsquo;est pourquoi la Franc-ma\u00e7onnerie est une fraternit\u00e9 \u00e0 la fois comme cons\u00e9quence de ce travail en commun et comme moyen d&rsquo;avancer chacun sur sa route. Cette fraternit\u00e9 est le lien profond qui nous unit aux autres hommes, qu&rsquo;ils soient Francs-ma\u00e7ons ou non.<\/p>\n<h2><b>Une approche de la modernit\u00e9<\/b><\/h2>\n<p>L&rsquo;homme de notre temps doit penser \u00e0 l&rsquo;\u00e9chelle mondiale; il doit regarder au-del\u00e0 des barri\u00e8res raciales, philosophiques et religieuses qui divisent les hommes. Le dogmatisme sous toutes ses formes ne peut \u00eatre que n\u00e9gatif dans la mondialisation actuelle. La Franc-ma\u00e7onnerie est une exp\u00e9rience qui montre qu&rsquo;universalit\u00e9 n&rsquo;est pas et ne doit pas \u00eatre synonyme d&rsquo;uniformit\u00e9, bien au contraire.<\/p>\n<h2><b>Une d\u00e9marche spirituelle<\/b><\/h2>\n<p>Pour r\u00e9ussir le pari de la diversit\u00e9 en harmonie, la Franc-ma\u00e7onnerie traditionnelle fait appel \u00e0 un principe sup\u00e9rieur qui transcende la r\u00e9alit\u00e9 mat\u00e9rielle, sociale et religieuse que certains appelleront \u00ab\u00a0Dieu\u00a0\u00bb, d&rsquo;autres \u00ab\u00a0Energie\u00a0\u00bb et que nous appelons Grand Architecte de l&rsquo;Univers pour ne pas entrer dans des d\u00e9bats st\u00e9riles. La combinaison de la foi en un principe sup\u00e9rieur et d\u2019une d\u00e9marche de perfectionnement de soi-m\u00eame en fait donc une d\u00e9marche spirituelle au sens large.<\/p>\n<h2><b>Une soci\u00e9t\u00e9 structur\u00e9e<\/b><\/h2>\n<p>Les Francs-ma\u00e7ons travaillent dans des loges qui font elles-m\u00eames partie de Grandes Loges ou Grands Orients. De plus, chaque loge se dote d\u2019un comit\u00e9 (appel\u00e9 Coll\u00e8ge) et d\u2019un pr\u00e9sident (appel\u00e9 V\u00e9n\u00e9rable) comme toute soci\u00e9t\u00e9. De m\u00eame les Grandes Loges se dotent d\u2019un Grand Coll\u00e8ge. Cette structure ne constitue pas une hi\u00e9rarchie mais une organisation. Le Coll\u00e8ge a un r\u00f4le de coordination des travaux, de m\u00eame que les Grandes Loges et Grands Orients ne dirigent pas mais coordonnent les activit\u00e9s des Loges. Afin que cette organisation n\u2019installe pas des relations de pouvoir en son sein, les Coll\u00e8ges et Grands Coll\u00e8ges sont renouvel\u00e9s obligatoirement de fa\u00e7on r\u00e9guli\u00e8re. Le principe absolu est: des ma\u00e7ons libres dans des loges libres. Le Franc-ma\u00e7on ne doit ob\u00e9ir qu\u2019\u00e0 une seule chose\u00a0: l\u2019engagement qu\u2019il a pris vis-\u00e0-vis de lui-m\u00eame de travailler \u00e0 son perfectionnement dans le respect de la d\u00e9marche qu\u2019il a librement choisie.<\/p>\n<h2><b>Une d\u00e9marche structur\u00e9e<\/b><\/h2>\n<p>La d\u00e9marche ma\u00e7onnique est structur\u00e9e par des syst\u00e8mes de grades ou degr\u00e9s: les rites. La richesse des outils propos\u00e9s est immense, et parce que l\u2019on ne peut avancer qu\u2019un pas apr\u00e8s l\u2019autre, la d\u00e9marche ma\u00e7onnique a \u00e9t\u00e9 structur\u00e9e par un syst\u00e8me de degr\u00e9s qui constituent autant de pas \u00e0 accomplir. Le fait d\u2019avoir fait un pas de plus ne conf\u00e8re aucune sup\u00e9riorit\u00e9 sur ceux qui ne l\u2019on pas encore, fait sinon le devoir de les aider \u00e0 avancer. Chaque grade propose un v\u00e9cu et des symboles nouveaux sur lesquels le Franc-ma\u00e7on est appel\u00e9 \u00e0 m\u00e9diter.<\/p>\n<p>&nbsp;<\/p>\n<h1 class=\"style1\">Ce que n&rsquo;est pas la Franc-ma\u00e7onnerie<\/h1>\n<ul>\n<li>Une soci\u00e9t\u00e9 de pros\u00e9lytes<\/li>\n<li>Une soci\u00e9t\u00e9 \u00e9litiste<\/li>\n<li>Une soci\u00e9t\u00e9 philanthropique<\/li>\n<li>Une soci\u00e9t\u00e9 misogyne<\/li>\n<li>Une religion ni une secte<\/li>\n<li>Une soci\u00e9t\u00e9 secr\u00e8te<\/li>\n<li>Une soci\u00e9t\u00e9 occulte<\/li>\n<\/ul>\n<p><span style=\"font-family: Arial;\">P<\/span>our dire ce que la Franc-ma\u00e7onnerie n\u2019est pas, il suffirait de prendre le contre-pied de ce qu\u2019elle est. N\u00e9anmoins, sa m\u00e9connaissance entra\u00eene des ou\u00ef-dire sur lesquels il est important de se prononcer.<\/p>\n<p>La Franc-ma\u00e7onnerie ne pratique pas le pros\u00e9lytisme, sinon on en conna\u00eetrait beaucoup plus sur son existence, ses buts, etc..<\/p>\n<p>Elle n\u2019est pas une soci\u00e9t\u00e9 \u00e9litiste puisque le crit\u00e8re de recrutement principal est la volont\u00e9 sinc\u00e8re de se perfectionner et qu\u2019elle ne demande financi\u00e8rement que les cotisations que demande toute association. Elle n\u2019est pas non plus une soci\u00e9t\u00e9 philanthropique ou affairiste \u00e0 l\u2019image de certains clubs de services.<\/p>\n<p>Malgr\u00e9 le fait que beaucoup d\u2019ob\u00e9diences n\u2019admettent pas les femmes, cela ne signifie pas pour autant que la Franc-ma\u00e7onnerie est r\u00e9serv\u00e9e exclusivement aux hommes. Il existe \u00e9galement des ob\u00e9diences f\u00e9minines et mixtes.<\/p>\n<p>La Franc-ma\u00e7onnerie n\u2019est ni une religion ni une secte, mais une d\u00e9marche spirituelle bas\u00e9e sur la libert\u00e9 de chacun et donc sur la tol\u00e9rance r\u00e9ciproque. Elle admet des membres de tous les horizons spirituels.<\/p>\n<p>Elle n\u2019est pas une soci\u00e9t\u00e9 secr\u00e8te, puisqu\u2019elle est constitu\u00e9e en associations officiellement reconnues et que son existence et ses buts sont publiquement d\u00e9clar\u00e9s.<\/p>\n<p>Elle n\u2019est pas davantage une soci\u00e9t\u00e9 occultiste, puisque ses travaux ne reposent que sur la mise en commun des r\u00e9flexions de ses membres et le partage de l&rsquo;usage des outils qu\u2019ils utilisent: \u00e0 savoir les symboles.<\/p>\n<h2><b>Une soci\u00e9t\u00e9 de pros\u00e9lytes<\/b><\/h2>\n<p>Elle ne fait pas de pros\u00e9lytisme, puisque c&rsquo;est librement, sans \u00eatre influenc\u00e9, que quelqu&rsquo;un doit se sentir appel\u00e9 \u00e0 partager le chemin des Francs-ma\u00e7ons. Quelqu\u2019un devient Franc-ma\u00e7on parce qu\u2019il \u00e9prouve le besoin d\u2019\u00e9voluer dans un esprit d\u2019ouverture et qu\u2019il a rencontr\u00e9 cet esprit d\u2019ouverture aupr\u00e8s de personnes qui se sont fait conna\u00eetre comme Francs-ma\u00e7ons. Il fut un temps o\u00f9 l\u2019on ne pouvait entrer en Franc-ma\u00e7onnerie que si l\u2019on \u00e9tait recommand\u00e9 par un certain nombre de Francs-ma\u00e7ons. Ce n\u2019est plus le cas aujourd\u2019hui.<\/p>\n<h2><b>Une soci\u00e9t\u00e9 \u00e9litiste<\/b><\/h2>\n<p>La Franc-ma\u00e7onnerie ne peut pas \u00eatre une \u00e9lite sociale ou \u00e9conomique, puisqu&rsquo;elle tire sa richesse de la diversit\u00e9 de ses membres (et non pas de leur porte-monnaie). N\u00e9anmoins, il est demand\u00e9 que le Fr\u00e8re cherche sinc\u00e8rement \u00e0 travailler \u00e0 son perfectionnement. En cons\u00e9quence, la Franc-ma\u00e7onnerie n\u2019est pas organis\u00e9e comme un club de services et elle n\u2019est pas le lieu pour la pratique du copinage et de l\u2019affairisme. Sur le plan financier, les cotisations ne sont pas plus \u00e9lev\u00e9es que celles de la plupart des soci\u00e9t\u00e9s, sportives ou autres, et ne doivent pas constituer un obstacle pour qui souhaite sinc\u00e8rement effectuer la d\u00e9marche.<\/p>\n<h2><b>Une soci\u00e9t\u00e9 philanthropique<\/b><\/h2>\n<p>La Franc-ma\u00e7onnerie n&rsquo;est pas une soci\u00e9t\u00e9 philanthropique, puisqu&rsquo;elle vise d\u2019abord au perfectionnement de ses membres. Bien s\u00fbr on esp\u00e8re que ce travail sur soi-m\u00eame pourra rayonner favorablement sur la soci\u00e9t\u00e9 tout enti\u00e8re, mais ceci ne doit \u00eatre qu\u2019une cons\u00e9quence, non pas un but en soi. Toutefois, l&rsquo;amour du prochain passe aussi, mais pas exclusivement, par la pratique de la charit\u00e9.<\/p>\n<h2><b>Une soci\u00e9t\u00e9 misogyne<\/b><\/h2>\n<p>La Grande Loge Suisse ALPINA est effectivement exclusivement masculine, ce qui ne veut pas dire que la Franc-ma\u00e7onnerie dans son ensemble le soit. Il existe en effet des ob\u00e9diences exclusivement f\u00e9minines et des ob\u00e9diences mixtes. D\u2019une part, la Franc-ma\u00e7onnerie \u00e9tant issue des soci\u00e9t\u00e9s compagnonniques du Moyen Age, elle h\u00e9rite historiquement d\u2019une tradition masculine. D\u2019autre part, le travail sur soi-m\u00eame touche souvent \u00e0 des sensibilit\u00e9s qui sont diff\u00e9rentes pour un homme et pour une femme (les hommes sont de Mars, les femmes sont de V\u00e9nus\u00a0!). On peut donc librement choisir soit de partager cette sensibilit\u00e9 avec des personnes de l\u2019autre sexe, auquel cas on peut entrer dans une ob\u00e9dience mixte, soit de vivre ce partage s\u00e9par\u00e9ment, auquel cas on peut rejoindre une ob\u00e9dience masculine ou f\u00e9minine, selon que l\u2019on est un homme ou une femme.<\/p>\n<h2><b>Une religion ni une secte<\/b><\/h2>\n<p>La Franc-ma\u00e7onnerie ne peut pas \u00eatre une religion ni une secte, puisque cela irait \u00e0 l&rsquo;encontre de la tol\u00e9rance et du respect de la libert\u00e9 de chacun. Son fonctionnement m\u00eame repose sur l&rsquo;interdiction de contraindre qui que ce soit \u00e0 partager des convictions quelconques, qu&rsquo;elles soient religieuses ou politiques. Toute l\u2019organisation ma\u00e7onnique est con\u00e7ue, si elle est respect\u00e9e, pour que chacun puisse tracer son chemin personnel en s\u2019enrichissant de la diversit\u00e9 des v\u00e9cus et des opinions, en aucun cas du point de vue particulier de qui que ce soit qui pr\u00e9tendrait conna\u00eetre l\u2019unique v\u00e9rit\u00e9. Contrairement \u00e0 ce qui se passe dans la plupart des sectes, on peut quitter la Franc-ma\u00e7onnerie. En effet, elle propose une d\u00e9marche mais ne l\u2019impose pas \u2014 et il s\u2019agit d\u2019une d\u00e9marche que l\u2019on a librement choisie. Si elle ne correspond pas \u00e0 ce que l\u2019on ressent, il est loisible de donner sa d\u00e9mission.<\/p>\n<h2><b>Une soci\u00e9t\u00e9 secr\u00e8te<\/b><\/h2>\n<p>La Franc-ma\u00e7onnerie n&rsquo;est pas une soci\u00e9t\u00e9 secr\u00e8te, puisqu&rsquo;elle ne fait myst\u00e8re ni de son existence ni de ses buts. De plus, la plupart de ses symboles et de ses rites peuvent se trouver dans n&rsquo;importe quelle librairie. Si nous cherchons \u00e0 ce que nos rituels ne soient pas divulgu\u00e9s, c\u2019est pour que l\u2019\u00e9ventuel candidat puisse vivre ce qu\u2019il a \u00e0 vivre sans a priori, car c\u2019est \u00e0 lui seul de se forger sa propre compr\u00e9hension de ce que la Franc-ma\u00e7onnerie peut lui offrir. Cela fait \u00e9galement partie du respect de la libert\u00e9 de l&rsquo;autre de ne pas dire qui est Franc-ma\u00e7on, puisque c&rsquo;est \u00e0 lui seul de juger de l&rsquo;opportunit\u00e9 de se d\u00e9voiler selon la tol\u00e9rance de son milieu professionnel et social.<\/p>\n<h2><b>Une soci\u00e9t\u00e9 occulte<\/b><\/h2>\n<p>Il ne faut pas confondre occultisme et \u00e9sot\u00e9risme. L\u2019occultisme repose sur des pratiques \u00e0 caract\u00e8re plus ou moins magique, alors que l\u2019\u00e9sot\u00e9risme (litt\u00e9ralement\u00a0: la voie int\u00e9rieure) est une d\u00e9marche qui repose sur le v\u00e9cu personnel. L\u2019\u00e9sot\u00e9risme s\u2019oppose \u00e0 l\u2019exot\u00e9risme qui est la voie ext\u00e9rieure dans laquelle une v\u00e9rit\u00e9 est impos\u00e9e par d\u2019autres. Dans ce sens, la Franc-ma\u00e7onnerie est une soci\u00e9t\u00e9 \u00e9sot\u00e9rique mais pas occulte. Si elle pratique des rituels, ceux-ci sont l\u00e0 pour proposer des v\u00e9cus sur lesquels le Franc-ma\u00e7on peut librement m\u00e9diter et travailler. Ces rituels sont indispensables si l\u2019on ne veut pas que le travail reste uniquement intellectuel; ce ne sont pas les mots qui permettent de s\u2019am\u00e9liorer, mais les exp\u00e9riences.<\/p>\n<p>&nbsp;<\/p>\n<h1>Ce que la Franc-ma\u00e7onnerie peut offrir<\/h1>\n<p>Sur la base de ce qui pr\u00e9c\u00e8de, il est facile de se faire une id\u00e9e de ce que la Franc-ma\u00e7onnerie peut apporter \u00e0 l&rsquo;individu en particulier et \u00e0 l&rsquo;humanit\u00e9 en g\u00e9n\u00e9ral. En r\u00e9sum\u00e9, il s&rsquo;agit essentiellement d&rsquo;une \u00e9cole de vie et d&rsquo;apprentissage de la libert\u00e9 prenant en compte toutes les dimensions de l&rsquo;individu sur les plans affectif par la fraternit\u00e9, intellectuel par l&rsquo;exercice de la tol\u00e9rance et spirituel par la tradition et la r\u00e9f\u00e9rence \u00e0 un principe sup\u00e9rieur. Elle permet \u00e0 toute personne qui souhaite marcher sur le chemin difficile de son perfectionnement (et nous insistons sur le terme de perfectionnement plut\u00f4t que de perfection, car il s&rsquo;agit d&rsquo;un chemin et non pas d&rsquo;un but) de trouver une alliance fraternelle avec laquelle elle puisse partager ses efforts et ses questionnements. La Franc-ma\u00e7onnerie fournit donc un lieu de rencontre o\u00f9 le dialogue constructif est possible par le respect des opinions d&rsquo;autrui et l&rsquo;\u00e9coute de l&rsquo;autre. Ce qui r\u00e9unit les Francs-ma\u00e7ons est la foi en la perfectibilit\u00e9 de chacun et son rayonnement possible sur les autres hommes. A travers le travail du Ma\u00e7on, la Franc-ma\u00e7onnerie esp\u00e8re pouvoir faire rayonner \u00e0 l&rsquo;ext\u00e9rieur plus de justice, de tol\u00e9rance, de charit\u00e9 et d&rsquo;amour par le comportement actif et responsable de chacun.<\/p>\n","protected":false},"excerpt":{"rendered":"<p>Ce qu&rsquo;est la Franc-ma\u00e7onnerie Une alliance d&rsquo;hommes libres Une voie de formation \u00e0 la vie Un enseignement de conduite morale [&hellip;]<\/p>\n","protected":false},"author":12,"featured_media":0,"parent":0,"menu_order":0,"comment_status":"closed","ping_status":"closed","template":"","meta":{"_uf_show_specific_survey":0,"_uf_disable_surveys":false,"footnotes":""},"class_list":["post-236","page","type-page","status-publish","hentry"],"aioseo_notices":[],"_links":{"self":[{"href":"https:\/\/old.freimaurerei.ch\/fr\/wp-json\/wp\/v2\/pages\/236","targetHints":{"allow":["GET"]}}],"collection":[{"href":"https:\/\/old.freimaurerei.ch\/fr\/wp-json\/wp\/v2\/pages"}],"about":[{"href":"https:\/\/old.freimaurerei.ch\/fr\/wp-json\/wp\/v2\/types\/page"}],"author":[{"embeddable":true,"href":"https:\/\/old.freimaurerei.ch\/fr\/wp-json\/wp\/v2\/users\/12"}],"replies":[{"embeddable":true,"href":"https:\/\/old.freimaurerei.ch\/fr\/wp-json\/wp\/v2\/comments?post=236"}],"version-history":[{"count":2,"href":"https:\/\/old.freimaurerei.ch\/fr\/wp-json\/wp\/v2\/pages\/236\/revisions"}],"predecessor-version":[{"id":237,"href":"https:\/\/old.freimaurerei.ch\/fr\/wp-json\/wp\/v2\/pages\/236\/revisions\/237"}],"wp:attachment":[{"href":"https:\/\/old.freimaurerei.ch\/fr\/wp-json\/wp\/v2\/media?parent=236"}],"curies":[{"name":"wp","href":"https:\/\/api.w.org\/{rel}","templated":true}]}}