{"id":241,"date":"2017-01-22T09:17:19","date_gmt":"2017-01-22T09:17:19","guid":{"rendered":"https:\/\/old.freimaurerei.ch\/grundsaetze\/"},"modified":"2017-10-17T09:52:24","modified_gmt":"2017-10-17T07:52:24","slug":"principes-maconniques","status":"publish","type":"page","link":"https:\/\/old.freimaurerei.ch\/fr\/principes-maconniques\/","title":{"rendered":"Principes ma\u00e7onniques"},"content":{"rendered":"<h1>Principes ma\u00e7onniques g\u00e9n\u00e9raux de la Grande Loge Suisse Alpina<\/h1>\n<table border=\"0\" width=\"100%\" cellspacing=\"0\" cellpadding=\"4\">\n<tbody>\n<tr>\n<td valign=\"top\" width=\"27\">I.<\/td>\n<td valign=\"top\">L&rsquo;Alliance ma\u00e7onnique est une association d&rsquo;hommes libres qui fait remonter son origine aux corporations et confr\u00e9ries ma\u00e7onniques du Moyen Age. Elle reconna\u00eet encore aujourd&rsquo;hui comme moyens d&rsquo;enseignement et lignes directrices les prescriptions autrefois en vigueur dans ces corporations et conserv\u00e9es dans divers documents, notamment dans ce qu&rsquo;on appelle \u00abLes Anciens Devoirs des Francs-Ma\u00e7ons de 1723\u00bb et dans les rituels qui nous ont \u00e9t\u00e9 transmis.<\/td>\n<\/tr>\n<tr>\n<td valign=\"top\" width=\"27\">II.<\/td>\n<td valign=\"top\">Les Francs-Ma\u00e7ons se reconnaissent comme fr\u00e8res et consid\u00e8rent leur alliance comme une alliance de fr\u00e8res. Ils savent aussi que tous les hommes, quelle que soit la diff\u00e9rence de leurs talents ou de leur position sociale, sont n\u00e9s avec les m\u00eames devoirs. Se souvenant que cette v\u00e9rit\u00e9 est souvent m\u00e9connue dans la vie, ils estiment par cons\u00e9quent qu&rsquo;il est de leur devoir d&rsquo;entretenir et de fortifier parmi eux d&rsquo;abord, puis parmi les autres hommes, des sentiments de fraternit\u00e9 et d&rsquo;\u00e9galit\u00e9.<\/td>\n<\/tr>\n<tr>\n<td valign=\"top\" width=\"27\">III.<\/td>\n<td valign=\"top\">L&rsquo;Alliance ma\u00e7onnique a pour but le d\u00e9veloppement moral de ses membres et la pratique des principes humanitaires. Ses Moyens d&rsquo;action sont: l&rsquo;usage du symbolisme emprunt\u00e9 \u00e0 l&rsquo;Art de l&rsquo;Architecture; l&rsquo;instruction mutuelle sur les int\u00e9r\u00eats sup\u00e9rieurs de l&rsquo;humanit\u00e9; l&rsquo;\u00e9ducation par les bienfaits de l&rsquo;amiti\u00e9; l&rsquo;\u00e9mulation au devoir social par le bon exemple personnel et par l&rsquo;exercice de la bienfaisance. En outre, l&rsquo;Alliance ma\u00e7onnique s&rsquo;efforce de travailler \u00e0 mettre en pratique et \u00e0 r\u00e9pandre audehors ses principes fondamentaux, de faire progresser l&rsquo;instruction et l&rsquo;\u00e9ducation; de soutenir, m\u00eame de fonder, au besoin, des \u00e9tablissements d&rsquo;utilit\u00e9 publique; de combattre sans rel\u00e2che pour la tol\u00e9rance et le progr\u00e8s.<\/td>\n<\/tr>\n<tr>\n<td valign=\"top\" width=\"27\">IV.<\/td>\n<td valign=\"top\">L&rsquo;Alliance ma\u00e7onnique travaille \u00e0 la GLOIRE DU GRAND ARCHITECTE DE L&rsquo;UNIVERS. Elle affirme la libert\u00e9 de conscience, de croyance et de pens\u00e9e et repousse toute entrave \u00e0 ces libert\u00e9s. Elle respecte toutes les convictions sinc\u00e8res et r\u00e9prouve toute opposition \u00e0 la libert\u00e9 de pens\u00e9e. Conform\u00e9ment aux anciens usages,\u00a0<em>le Livre de la Loi Sacr\u00e9e<\/em>,\u00a0<em>l&rsquo;Equerre et le Compas<\/em>, les\u00a0<em>Trois Grandes Lumi\u00e8res de la Ma\u00e7onnerie<\/em>, figurent comme symboles sur l&rsquo;autel lors de tous les Travaux Rituels.<\/td>\n<\/tr>\n<tr>\n<td valign=\"top\" width=\"27\">V.<\/td>\n<td valign=\"top\">Le Franc-Ma\u00e7on suisse est fid\u00e8lement et enti\u00e8rement d\u00e9vou\u00e9 \u00e0 sa patrie. Il reconna\u00eet comme un devoir sacr\u00e9 de d\u00e9fendre les libert\u00e9s et l&rsquo;ind\u00e9pendance de son pays ainsi que de contribuer \u00e0 maintenir la paix int\u00e9rieure. Fid\u00e8le \u00e0 la tradition de l&rsquo;Ordre, il s&#8217;emploie \u00e0 faire respecter les droits de l&rsquo;homme. Chaque Ma\u00e7on, en tant que citoyen, est moralement tenu, pour affirmer ses principes ma\u00e7onniques, de s&rsquo;int\u00e9resser aux affaires publiques. Il agit, selon ses convictions, pour le bien de la patrie.<\/td>\n<\/tr>\n<tr>\n<td valign=\"top\" width=\"27\">VI.<\/td>\n<td valign=\"top\">La Loge est un milieu paisible et neutre dans lequel les passions humaines ne doivent pas avoir acc\u00e8s. La Loge ne s&rsquo;immisce dans aucune controverse touchant \u00e0 des questions politiques ou confessionnelles. A titre instructif, un \u00e9change de vues sur de telles questions est autoris\u00e9. Ces discussions ne pourront jamais faire l&rsquo;objet d&rsquo;une votation quelconque, ni aboutir \u00e0 des r\u00e9solutions qui entraveraient l&rsquo;ind\u00e9pendance des membres.<\/td>\n<\/tr>\n<tr>\n<td valign=\"top\" width=\"27\">VII.<\/td>\n<td valign=\"top\">L&rsquo;Alliance admet dans son sein des hommes libres et de bonnes moeurs qui s&rsquo;unissent fraternellement pour travailler \u00e0 leur perfectionnement. Elle le fait sans distinction de croyance, de race, de nationalit\u00e9, de parti politique ou de position sociale. L&rsquo;Alliance repousse, comme antima\u00e7onnique, toute tentative formelle de recrutement. Cependant, il est permis aux membres des Loges, dans la limite de la discr\u00e9tion, de donner des renseignements aux hommes qu&rsquo;ils auront reconnus dignes d&rsquo;entrer dans la ma\u00e7onnerie.<\/td>\n<\/tr>\n<tr>\n<td valign=\"top\" width=\"27\">VIII.<\/td>\n<td valign=\"top\">Les Ma\u00e7ons ont l&rsquo;obligation d&rsquo;observer fid\u00e8lement les lois de la Grande Loge et de la Loge, dont ils devront s&#8217;employer \u00e0 d\u00e9fendre de leur mieux l&rsquo;honneur et les int\u00e9r\u00eats. Ils peuvent se retirer de l&rsquo;Association d\u00e8s que leurs convictions ou leur situation l&rsquo;exigent.<\/td>\n<\/tr>\n<\/tbody>\n<\/table>\n","protected":false},"excerpt":{"rendered":"<p>Principes ma\u00e7onniques g\u00e9n\u00e9raux de la Grande Loge Suisse Alpina I. L&rsquo;Alliance ma\u00e7onnique est une association d&rsquo;hommes libres qui fait remonter [&hellip;]<\/p>\n","protected":false},"author":12,"featured_media":0,"parent":0,"menu_order":0,"comment_status":"closed","ping_status":"closed","template":"","meta":{"_uf_show_specific_survey":0,"_uf_disable_surveys":false,"footnotes":""},"class_list":["post-241","page","type-page","status-publish","hentry"],"aioseo_notices":[],"_links":{"self":[{"href":"https:\/\/old.freimaurerei.ch\/fr\/wp-json\/wp\/v2\/pages\/241","targetHints":{"allow":["GET"]}}],"collection":[{"href":"https:\/\/old.freimaurerei.ch\/fr\/wp-json\/wp\/v2\/pages"}],"about":[{"href":"https:\/\/old.freimaurerei.ch\/fr\/wp-json\/wp\/v2\/types\/page"}],"author":[{"embeddable":true,"href":"https:\/\/old.freimaurerei.ch\/fr\/wp-json\/wp\/v2\/users\/12"}],"replies":[{"embeddable":true,"href":"https:\/\/old.freimaurerei.ch\/fr\/wp-json\/wp\/v2\/comments?post=241"}],"version-history":[{"count":2,"href":"https:\/\/old.freimaurerei.ch\/fr\/wp-json\/wp\/v2\/pages\/241\/revisions"}],"predecessor-version":[{"id":242,"href":"https:\/\/old.freimaurerei.ch\/fr\/wp-json\/wp\/v2\/pages\/241\/revisions\/242"}],"wp:attachment":[{"href":"https:\/\/old.freimaurerei.ch\/fr\/wp-json\/wp\/v2\/media?parent=241"}],"curies":[{"name":"wp","href":"https:\/\/api.w.org\/{rel}","templated":true}]}}