{"id":245,"date":"2017-01-22T09:20:40","date_gmt":"2017-01-22T09:20:40","guid":{"rendered":"https:\/\/old.freimaurerei.ch\/beruhmte-freimaurer\/"},"modified":"2017-10-17T09:53:03","modified_gmt":"2017-10-17T07:53:03","slug":"personnalites-marquantes","status":"publish","type":"page","link":"https:\/\/old.freimaurerei.ch\/fr\/personnalites-marquantes\/","title":{"rendered":"personnalit\u00e9s marquantes"},"content":{"rendered":"<h1>Quelques personnalit\u00e9s marquantes de la Franc-ma\u00e7onnerie en Suisse<\/h1>\n<p>Il est \u00e9videmment difficile d&rsquo;\u00e9tablir une liste exhaustive des Francs-ma\u00e7ons suisses les plus connus sans trahir la discr\u00e9tion convenue de l&rsquo;appartenance \u00e0 l&rsquo;Ordre. Mais cette discr\u00e9tion ne s&rsquo;appliquant qu&rsquo;aux vivants, on retiendra quelques noms de personnalit\u00e9s qui ont marqu\u00e9, \u00e0 leur \u00e9poque, la vie politique et culturelle de notre pays.<\/p>\n<p><b>Ch\u00e9del Andr\u00e9<br \/>\n<\/b>N\u00e9 en 1915 et initi\u00e9 \u00e0 la Franc-ma\u00e7onnerie en 1954, ce Loclois, humaniste et philosophe reconnu bien au-del\u00e0 de nos fronti\u00e8res, recevra le titre de Docteur honoris causa de l&rsquo;Universit\u00e9 de Neuch\u00e2tel quelques ann\u00e9es avant sa mort, survenue en 1984.<\/p>\n<p><b>Furrer Jonas (1805-1861)<br \/>\n<\/b>Membre de la Loge Akazia de Winterthur, il fut nomm\u00e9 Grand Orateur de la Grande Loge Suisse Alpina en 1844 avant de devenir, quatre ann\u00e9es plus tard, le premier pr\u00e9sident de la Conf\u00e9d\u00e9ration helv\u00e9tique.<\/p>\n<p><b>Giacometti Augusto (1877-1947)<br \/>\n<\/b>Peintre suisse originaire des Grisons, initi\u00e9 en 1919 \u00e0 Zurich, il est connu pour ses d\u00e9corations d&rsquo;art sacr\u00e9, ses sujets floraux et, d\u00e8s 1910, pour ses oeuvres abstraites de type tachiste.<\/p>\n<p><b>Glayre Pierre-Maurice (1743-1819)<br \/>\n<\/b>Homme politique, diplomate, il fut aussi le secr\u00e9taire priv\u00e9 du roi de Pologne et le premier pr\u00e9sident de l&rsquo;Assembl\u00e9e provisoire du Pays de Vaud.<\/p>\n<p><b>Lachenal Adrien (1849-1918)<br \/>\n<\/b>Cet avocat et homme politique genevois, membre du Conseil f\u00e9d\u00e9ral de 1892 \u00e0 1899, fut nomm\u00e9 pr\u00e9sident de la Conf\u00e9d\u00e9ration en 1896 et pr\u00e9sida le Conseil des Etats de 1904 \u00e0 1918.<\/p>\n<p><b>Ruchonnet Antoine Louis John<br \/>\n<\/b>N\u00e9 le 28 avril 1834, originaire de Saint-Saphorin (VD), il fut V\u00e9n\u00e9rable de la Loge Libert\u00e9 \u00e0 Lausanne. Elu au Conseil f\u00e9d\u00e9ral comme repr\u00e9sentant du canton de Vaud le 3 mars 1881, il est d\u00e9c\u00e9d\u00e9 en fonction le 14 septembre 1893, apr\u00e8s avoit \u00e9t\u00e9 nomm\u00e9 par deux fois pr\u00e9sident de la Conf\u00e9d\u00e9ration, en 1883 et 1890.<\/p>\n<p>&nbsp;<\/p>\n","protected":false},"excerpt":{"rendered":"<p>Quelques personnalit\u00e9s marquantes de la Franc-ma\u00e7onnerie en Suisse Il est \u00e9videmment difficile d&rsquo;\u00e9tablir une liste exhaustive des Francs-ma\u00e7ons suisses les [&hellip;]<\/p>\n","protected":false},"author":12,"featured_media":0,"parent":0,"menu_order":0,"comment_status":"closed","ping_status":"closed","template":"","meta":{"_uf_show_specific_survey":0,"_uf_disable_surveys":false,"footnotes":""},"class_list":["post-245","page","type-page","status-publish","hentry"],"aioseo_notices":[],"_links":{"self":[{"href":"https:\/\/old.freimaurerei.ch\/fr\/wp-json\/wp\/v2\/pages\/245","targetHints":{"allow":["GET"]}}],"collection":[{"href":"https:\/\/old.freimaurerei.ch\/fr\/wp-json\/wp\/v2\/pages"}],"about":[{"href":"https:\/\/old.freimaurerei.ch\/fr\/wp-json\/wp\/v2\/types\/page"}],"author":[{"embeddable":true,"href":"https:\/\/old.freimaurerei.ch\/fr\/wp-json\/wp\/v2\/users\/12"}],"replies":[{"embeddable":true,"href":"https:\/\/old.freimaurerei.ch\/fr\/wp-json\/wp\/v2\/comments?post=245"}],"version-history":[{"count":2,"href":"https:\/\/old.freimaurerei.ch\/fr\/wp-json\/wp\/v2\/pages\/245\/revisions"}],"predecessor-version":[{"id":396,"href":"https:\/\/old.freimaurerei.ch\/fr\/wp-json\/wp\/v2\/pages\/245\/revisions\/396"}],"wp:attachment":[{"href":"https:\/\/old.freimaurerei.ch\/fr\/wp-json\/wp\/v2\/media?parent=245"}],"curies":[{"name":"wp","href":"https:\/\/api.w.org\/{rel}","templated":true}]}}