{"id":2451,"date":"2019-08-22T09:58:26","date_gmt":"2019-08-22T07:58:26","guid":{"rendered":"https:\/\/old.freimaurerei.ch\/?page_id=2451"},"modified":"2019-08-28T15:31:11","modified_gmt":"2019-08-28T13:31:11","slug":"version-digitale-du-magazine","status":"publish","type":"page","link":"https:\/\/old.freimaurerei.ch\/fr\/version-digitale-du-magazine\/","title":{"rendered":"Version digitale du magazine"},"content":{"rendered":"<p>Cher Lecteur, ch\u00e8re lectrice<\/p>\n<p>L\u2019Alpina est un magazine bimestriel publi\u00e9 sous format papier et distribu\u00e9 par voie postale \u00e0 ses abonn\u00e9s. Il se compose de trois parties principales : la vie de la Grande Loge Suisse Alpina, l\u2019Art Royal et le th\u00e8me d\u2019\u00e9tude.<\/p>\n<p>Afin de vous permettre de vous rendre compte de son contenu, une version digitale vous est propos\u00e9e sur cette page. Version qui pr\u00e9sente une s\u00e9lection d\u2019articles publi\u00e9s entre janvier et ao\u00fbt 2019. La couverture rappelle le th\u00e8me d\u2019\u00e9tude : \u00ab Millennials et Francs-Ma\u00e7ons \u00bb.<\/p>\n<p>Tr\u00e8s bonne lecture !<\/p>\n<p>&nbsp;<\/p>\n<div style=\"display:block\">\n<!-- FlowPaper PDF flipbook plugin v.2.0.6 wordpress.org\/plugins\/flowpaper\/ -->\n<iframe title=\"FlowPaper flipbook pdf viewer\" width=\"100%\" height=\"500\" scrolling=\"no\" class=\"flowpaper-class\" frameborder=\"0\" allowFullScreen=\"true\" lightbox=\"false\" cover id src = \"https:\/\/flowpaper.com\/flipbook\/?pdf=http:\/\/old.freimaurerei.ch\/wp-content\/uploads\/2019\/08\/Alpina-digital_2019.pdf&title=&header=&theme=&singlepage=&thumbs=1&modified=190828331\" seamless=\"seamless\" style=\"margin-bottom:0;display:block;\">Your browser does not seem to support iframes. <a href=\"https:\/\/flowpaper.com\/flipbook\/?pdf=http:\/\/old.freimaurerei.ch\/wp-content\/uploads\/2019\/08\/Alpina-digital_2019.pdf\" target=\"_blank\">Click here to read this PDF<\/a>.<\/iframe>\n<div id=\"flowpaper-logo-bottom\" class=\"flowpaper-logo-bg\" style=\"background:linear-gradient(to right, rgba(0,0,0,0.65) 0%,rgba(0,0,0,0) 200px);width:100%;height:19px; padding-bottom: 1px; padding-left: 5px; padding-right: 10px; display: flex; align-items: center;z-index:9999\"><span style=\"height: 37px; padding-left: 6px;width:90%\"> <a id=\"flowpaper-link\" style=\"fill: #fff\" alt=\"FlowPaper logotype\" title=\"FlowPaper logotype\" href=\"https:\/\/flowpaper.com\" target=\"_blank\"> <img decoding=\"async\" alt=\"Publish PDF flipbooks online\" style=\"height:17px;width:auto;margin-top:11px;\" src=\"https:\/\/old.freimaurerei.ch\/wp-content\/plugins\/flowpaper-lite-pdf-flipbook\/assets\/flowpaper-logo.png\" border=\"0\"> <\/a> <\/span><span style=\" float: right; right: 0; font-size: 10px; white-space: nowrap; opacity:0.8\"><a href=\"https:\/\/flowpaper.com\/flipbook-maker\/\" target=\"_new\" style=\"text-decoration:none;border-bottom:none;\">Created using FlowPaper Flipbook Maker &#8599;<\/a><\/span><\/div><\/div>\r\n                <script>\r\n                document.addEventListener(\"DOMContentLoaded\", function(){\r\n                    var target_element, iframe_element;\r\n                    iframe_element = document.querySelector(\"iframe.flowpaper-class\");\r\n                    target_element = document.querySelector(\"\");\r\n                    iframe_element.style.height = target_element.offsetHeight + \"px\";\r\n                });\r\n                <\/script>\r\n            \n","protected":false},"excerpt":{"rendered":"<p>Cher Lecteur, ch\u00e8re lectrice L\u2019Alpina est un magazine bimestriel publi\u00e9 sous format papier et distribu\u00e9 par voie postale \u00e0 ses [&hellip;]<\/p>\n","protected":false},"author":12,"featured_media":0,"parent":0,"menu_order":0,"comment_status":"closed","ping_status":"closed","template":"","meta":{"_uf_show_specific_survey":0,"_uf_disable_surveys":false,"footnotes":""},"class_list":["post-2451","page","type-page","status-publish","hentry"],"aioseo_notices":[],"_links":{"self":[{"href":"https:\/\/old.freimaurerei.ch\/fr\/wp-json\/wp\/v2\/pages\/2451","targetHints":{"allow":["GET"]}}],"collection":[{"href":"https:\/\/old.freimaurerei.ch\/fr\/wp-json\/wp\/v2\/pages"}],"about":[{"href":"https:\/\/old.freimaurerei.ch\/fr\/wp-json\/wp\/v2\/types\/page"}],"author":[{"embeddable":true,"href":"https:\/\/old.freimaurerei.ch\/fr\/wp-json\/wp\/v2\/users\/12"}],"replies":[{"embeddable":true,"href":"https:\/\/old.freimaurerei.ch\/fr\/wp-json\/wp\/v2\/comments?post=2451"}],"version-history":[{"count":2,"href":"https:\/\/old.freimaurerei.ch\/fr\/wp-json\/wp\/v2\/pages\/2451\/revisions"}],"predecessor-version":[{"id":2466,"href":"https:\/\/old.freimaurerei.ch\/fr\/wp-json\/wp\/v2\/pages\/2451\/revisions\/2466"}],"wp:attachment":[{"href":"https:\/\/old.freimaurerei.ch\/fr\/wp-json\/wp\/v2\/media?parent=2451"}],"curies":[{"name":"wp","href":"https:\/\/api.w.org\/{rel}","templated":true}]}}