{"id":249,"date":"2017-01-22T09:22:16","date_gmt":"2017-01-22T09:22:16","guid":{"rendered":"https:\/\/old.freimaurerei.ch\/das-maurerische-geheimnis\/"},"modified":"2017-10-17T09:53:44","modified_gmt":"2017-10-17T07:53:44","slug":"le-secret-maconnique","status":"publish","type":"page","link":"https:\/\/old.freimaurerei.ch\/fr\/le-secret-maconnique\/","title":{"rendered":"Le Secret Maconnique"},"content":{"rendered":"<p>Le secret ma\u00e7onnique r\u00e9side dans le concept philosophique d\u2019illu-mination int\u00e9rieure, dont le processus commence par l\u2019Initiation.<\/p>\n<p>D\u2019apr\u00e8s Oswald Wirth<\/p>\n<p>Le secret ma\u00e7onnique impose un tel silence que les Francs-Ma\u00e7ons ne rel\u00e8vent m\u00eame pas les inexactitudes, voire les calomnies propag\u00e9es sur eux, \u00e9crit Jean-Pierre Bayard.<\/p>\n<p>C\u2019est gr\u00e2ce \u00e0 ce secret et \u00e0 cette attitude que de nombreux auteurs purent \u00e9crire les pires \u00e9lucubrations sur notre Ordre. C\u2019est aussi \u00e0 cause du secret que d\u2019aucuns ont vu dans la Ma\u00e7onnerie une soci\u00e9t\u00e9 secr\u00e8te qui commettrait les m\u00eames m\u00e9faits que les soci\u00e9t\u00e9s secr\u00e8tes profanes \u00e0 vis\u00e9es politiques.<\/p>\n<p>Le myst\u00e8re qui entoura le secret ma\u00e7onnique au cours des si\u00e8cles suscita des commentaires d\u2019autant plus nombreux et d\u2019autant plus virulents qu\u2019un des serments prononc\u00e9 en Loge dit que l\u2019initi\u00e9 ne r\u00e9v\u00e9lera pas le secret sous peine d\u2019avoir la gorge coup\u00e9e. Cet exc\u00e8s tout symbolique fut souvent pris \u00e0 la lettre. Il est vrai que, d\u00e9tach\u00e9 de son contexte et de la circonstance o\u00f9 il est prononc\u00e9, ce serment permettait, nagu\u00e8re, toutes les suppositions.<\/p>\n<p>Dans un rituel des hauts grades, nous trouvons cette question: Serait-ce un mal qu\u2019un homme en \u00e9tat de nous comprendre surprenne notre secret? La r\u00e9ponse est: Ce serait un grand bien, car il ferait un Fr\u00e8re de plus. L\u2019humour n\u2019a jamais h\u00e9sit\u00e9 \u00e0 p\u00e9n\u00e9trer dans les soci\u00e9t\u00e9s les plus ambitieuses.<\/p>\n<p>&nbsp;<\/p>\n","protected":false},"excerpt":{"rendered":"<p>Le secret ma\u00e7onnique r\u00e9side dans le concept philosophique d\u2019illu-mination int\u00e9rieure, dont le processus commence par l\u2019Initiation. D\u2019apr\u00e8s Oswald Wirth Le [&hellip;]<\/p>\n","protected":false},"author":12,"featured_media":0,"parent":0,"menu_order":0,"comment_status":"closed","ping_status":"closed","template":"","meta":{"_uf_show_specific_survey":0,"_uf_disable_surveys":false,"footnotes":""},"class_list":["post-249","page","type-page","status-publish","hentry"],"aioseo_notices":[],"_links":{"self":[{"href":"https:\/\/old.freimaurerei.ch\/fr\/wp-json\/wp\/v2\/pages\/249","targetHints":{"allow":["GET"]}}],"collection":[{"href":"https:\/\/old.freimaurerei.ch\/fr\/wp-json\/wp\/v2\/pages"}],"about":[{"href":"https:\/\/old.freimaurerei.ch\/fr\/wp-json\/wp\/v2\/types\/page"}],"author":[{"embeddable":true,"href":"https:\/\/old.freimaurerei.ch\/fr\/wp-json\/wp\/v2\/users\/12"}],"replies":[{"embeddable":true,"href":"https:\/\/old.freimaurerei.ch\/fr\/wp-json\/wp\/v2\/comments?post=249"}],"version-history":[{"count":1,"href":"https:\/\/old.freimaurerei.ch\/fr\/wp-json\/wp\/v2\/pages\/249\/revisions"}],"predecessor-version":[{"id":250,"href":"https:\/\/old.freimaurerei.ch\/fr\/wp-json\/wp\/v2\/pages\/249\/revisions\/250"}],"wp:attachment":[{"href":"https:\/\/old.freimaurerei.ch\/fr\/wp-json\/wp\/v2\/media?parent=249"}],"curies":[{"name":"wp","href":"https:\/\/api.w.org\/{rel}","templated":true}]}}