{"id":252,"date":"2017-01-22T09:22:57","date_gmt":"2017-01-22T09:22:57","guid":{"rendered":"https:\/\/old.freimaurerei.ch\/frauen-freimaurerei\/"},"modified":"2022-04-20T09:02:10","modified_gmt":"2022-04-20T07:02:10","slug":"franc-maconnerie-feminine","status":"publish","type":"page","link":"https:\/\/old.freimaurerei.ch\/fr\/franc-maconnerie-feminine\/","title":{"rendered":"La Franc-ma\u00e7onnerie f\u00e9minine"},"content":{"rendered":"<h1>La Franc-ma\u00e7onnerie f\u00e9minine<\/h1>\n<p>La GLSA est une ob\u00e9dience exclusivement masculine, comme c\u2019est le cas pour toutes les autres grandes loges r\u00e9guli\u00e8res du monde entier.<\/p>\n<p>Les femmes d\u00e9sireuses de pratiquer l\u2019Art Royal ont la possibilit\u00e9 de rejoindre des ob\u00e9diences ma\u00e7onniques exclusivement f\u00e9minines.<br \/>\nLes loges f\u00e9minines sont anciennes, remontant \u00e0 plus de cent ans dans certains pays comme l\u2019Angleterre ou la France. Elles tiennent d\u00e9sormais une place a\u0300 part enti\u00e8re dans le paysage ma\u00e7onnique.<\/p>\n<p>En Suisse, la premi\u00e8re loge f\u00e9minine, \u00ab Lut\u00e8ce \u00bb a \u00e9t\u00e9 cr\u00e9\u00e9e en 1964 \u00e0 Gen\u00e8ve et aujourd\u2019hui, la Grande Loge F\u00e9minine de Suisse (GLFS) regroupe 18 loges et plus de 400 membres travaillant en fran\u00e7ais, allemand et italien.<\/p>\n<p>Constatant que l\u2019\u00e9mancipation des femmes n\u2019est plus seulement un combat l\u00e9gislatif et politique, mais aussi culturel et spirituel, la GLFS propose une d\u00e9marche de qu\u00eate initiatique dans le but de travailler au perfectionnement moral, intellectuel et spirituel de l\u2019humanit\u00e9. La GLSF souligne que la ma\u00e7onnerie f\u00e9minine n\u2019a pas \u00e9t\u00e9\u0301 cr\u00e9\u00e9e contre les hommes, mais pour les femmes, et dans ce but partag\u00e9 avec les ob\u00e9diences masculines de b\u00e2tir, par le travail symbolique et la transmission initiatique, une plus grande harmonie dans les relations humaines et la pl\u00e9nitude de l\u2019\u00eatre.<\/p>\n<p>&nbsp;<\/p>\n<p>La GLSA et la GLFS entretiennent un dialogue r\u00e9gulier et harmonieux entre instances dirigeantes des deux ob\u00e9diences. Convaincue que ces \u00e9changes ne peuvent qu\u2019\u00eatre b\u00e9n\u00e9fiques \u00e0 la franc-ma\u00e7onnerie et aux objectifs communs entre la GLFS et la GLSA, cette derni\u00e8re encourage les contacts entre loges des deux ob\u00e9diences autour de discussions et travaux hors rituels.<\/p>\n<p>Pour davantage d\u2019information sur la Grande Loge F\u00e9minine de Suisse: <a href=\"https:\/\/www.glfs-masonic.ch\" target=\"_blank\" rel=\"noopener\">www.glfs-masonic.ch<\/a><\/p>\n<p>&nbsp;<\/p>\n<p>&nbsp;<\/p>\n","protected":false},"excerpt":{"rendered":"<p>La Franc-ma\u00e7onnerie f\u00e9minine La GLSA est une ob\u00e9dience exclusivement masculine, comme c\u2019est le cas pour toutes les autres grandes loges [&hellip;]<\/p>\n","protected":false},"author":12,"featured_media":0,"parent":0,"menu_order":0,"comment_status":"closed","ping_status":"closed","template":"","meta":{"_uf_show_specific_survey":0,"_uf_disable_surveys":false,"footnotes":""},"class_list":["post-252","page","type-page","status-publish","hentry"],"aioseo_notices":[],"_links":{"self":[{"href":"https:\/\/old.freimaurerei.ch\/fr\/wp-json\/wp\/v2\/pages\/252","targetHints":{"allow":["GET"]}}],"collection":[{"href":"https:\/\/old.freimaurerei.ch\/fr\/wp-json\/wp\/v2\/pages"}],"about":[{"href":"https:\/\/old.freimaurerei.ch\/fr\/wp-json\/wp\/v2\/types\/page"}],"author":[{"embeddable":true,"href":"https:\/\/old.freimaurerei.ch\/fr\/wp-json\/wp\/v2\/users\/12"}],"replies":[{"embeddable":true,"href":"https:\/\/old.freimaurerei.ch\/fr\/wp-json\/wp\/v2\/comments?post=252"}],"version-history":[{"count":7,"href":"https:\/\/old.freimaurerei.ch\/fr\/wp-json\/wp\/v2\/pages\/252\/revisions"}],"predecessor-version":[{"id":3283,"href":"https:\/\/old.freimaurerei.ch\/fr\/wp-json\/wp\/v2\/pages\/252\/revisions\/3283"}],"wp:attachment":[{"href":"https:\/\/old.freimaurerei.ch\/fr\/wp-json\/wp\/v2\/media?parent=252"}],"curies":[{"name":"wp","href":"https:\/\/api.w.org\/{rel}","templated":true}]}}