{"id":654,"date":"2017-09-21T11:49:18","date_gmt":"2017-09-21T09:49:18","guid":{"rendered":"https:\/\/old.freimaurerei.ch\/?page_id=654"},"modified":"2019-05-15T10:29:31","modified_gmt":"2019-05-15T08:29:31","slug":"magazine-alpina","status":"publish","type":"page","link":"https:\/\/old.freimaurerei.ch\/fr\/magazine-alpina\/","title":{"rendered":"Magazine Alpina"},"content":{"rendered":"<p><a href=\"http:\/\/old.freimaurerei.ch\/wp-content\/uploads\/2019\/05\/heft-2019-02-215x300.png\"><img loading=\"lazy\" decoding=\"async\" class=\"wp-image-2364 size-full alignright\" src=\"http:\/\/old.freimaurerei.ch\/wp-content\/uploads\/2019\/05\/heft-2019-02-215x300.png\" alt=\"\" width=\"215\" height=\"300\" srcset=\"https:\/\/old.freimaurerei.ch\/wp-content\/uploads\/2019\/05\/heft-2019-02-215x300.png 215w, https:\/\/old.freimaurerei.ch\/wp-content\/uploads\/2019\/05\/heft-2019-02-215x300-129x180.png 129w\" sizes=\"auto, (max-width: 215px) 100vw, 215px\" \/><\/a><br \/>\nFond\u00e9 en 1874, le Magazine <em>Alpina <\/em>a pour but de cr\u00e9er une base de discussion et d\u2019information sur les aspects de la Franc-ma\u00e7onnerie. Il est un m\u00e9dia de r\u00e9f\u00e9rence en mati\u00e8re de symbolisme, philosophie, histoire et spiritualit\u00e9 ma\u00e7onnique. Son contenu r\u00e9dactionnel se base sur l\u2019universalit\u00e9 ma\u00e7onnique telle qu\u2019elle est v\u00e9cue au sein de la GLSA. Le Magazine <em>Alpina <\/em>informe sur l\u2019activit\u00e9 de la GLSA, de ses Loges, et vise \u00e0 soutenir leur coh\u00e9sion.<\/p>\n<p>Le Magazine <em>Alpina <\/em>est un journal associatif trilingue destin\u00e9 aux Francs- Ma\u00e7ons membres de la GLSA. Les Fr\u00e8res et S\u0153urs d\u2019autres Ob\u00e9diences ainsi que les profanes peuvent s\u2019abonner au Magazine.<\/p>\n<p><strong>Acheter un num\u00e9ro ou abonnement<\/strong>: <a href=\"mailto: kanzlei@grossloge-alpina.ch\">kanzlei@grossloge-alpina.ch<\/a><\/p>\n","protected":false},"excerpt":{"rendered":"<p>Fond\u00e9 en 1874, le Magazine Alpina a pour but de cr\u00e9er une base de discussion et d\u2019information sur les aspects [&hellip;]<\/p>\n","protected":false},"author":12,"featured_media":0,"parent":0,"menu_order":0,"comment_status":"closed","ping_status":"closed","template":"","meta":{"_uf_show_specific_survey":0,"_uf_disable_surveys":false,"footnotes":""},"class_list":["post-654","page","type-page","status-publish","hentry"],"aioseo_notices":[],"_links":{"self":[{"href":"https:\/\/old.freimaurerei.ch\/fr\/wp-json\/wp\/v2\/pages\/654","targetHints":{"allow":["GET"]}}],"collection":[{"href":"https:\/\/old.freimaurerei.ch\/fr\/wp-json\/wp\/v2\/pages"}],"about":[{"href":"https:\/\/old.freimaurerei.ch\/fr\/wp-json\/wp\/v2\/types\/page"}],"author":[{"embeddable":true,"href":"https:\/\/old.freimaurerei.ch\/fr\/wp-json\/wp\/v2\/users\/12"}],"replies":[{"embeddable":true,"href":"https:\/\/old.freimaurerei.ch\/fr\/wp-json\/wp\/v2\/comments?post=654"}],"version-history":[{"count":13,"href":"https:\/\/old.freimaurerei.ch\/fr\/wp-json\/wp\/v2\/pages\/654\/revisions"}],"predecessor-version":[{"id":2368,"href":"https:\/\/old.freimaurerei.ch\/fr\/wp-json\/wp\/v2\/pages\/654\/revisions\/2368"}],"wp:attachment":[{"href":"https:\/\/old.freimaurerei.ch\/fr\/wp-json\/wp\/v2\/media?parent=654"}],"curies":[{"name":"wp","href":"https:\/\/api.w.org\/{rel}","templated":true}]}}