{"id":670,"date":"2017-09-21T12:15:02","date_gmt":"2017-09-21T10:15:02","guid":{"rendered":"https:\/\/old.freimaurerei.ch\/?page_id=670"},"modified":"2023-04-07T11:57:28","modified_gmt":"2023-04-07T09:57:28","slug":"soumettre-un-article","status":"publish","type":"page","link":"https:\/\/old.freimaurerei.ch\/fr\/soumettre-un-article\/","title":{"rendered":"Soumettre un article"},"content":{"rendered":"<p>L\u2019Alpina est un magazine tout public m\u00eame s\u2019il est surtout destin\u00e9 aux membres de la GLSA. Les contributions de membres d\u2019autres Ob\u00e9diences ainsi que de profanes sont donc aussi les bienvenues.<\/p>\n<p>Avant de soumettre un article, les auteurs sont invit\u00e9s \u00e0 lire les informations relatives \u00e0 la publication d\u2019article dans le Magazine Alpina et \u00e0 prendre contact avec la r\u00e9daction afin de lui exposer bri\u00e8vement leur projet. Une entente pr\u00e9alable sur le sujet et la taille du texte facilitera le processus de publication.<\/p>\n<p>L\u2019article soumis est examin\u00e9 par un comit\u00e9 r\u00e9dactionnel qui d\u00e9termine s\u2019il peut \u00eatre accept\u00e9 tel quel, sous r\u00e9serve de modifications ou s\u2019il est refus\u00e9 en l\u2019\u00e9tat.<\/p>\n<p>La soumission d\u2019un article li\u00e9 aux th\u00e8mes d\u2019\u00e9tude doit se faire au plus tard aux dates indiqu\u00e9es dans le document <a href=\"http:\/\/old.freimaurerei.ch\/wp-content\/uploads\/2021\/02\/2021_Themes_ALL.pdf\" target=\"_blank\" rel=\"noopener noreferrer\">Th\u00e8mes d\u2019\u00e9tude<\/a>.<\/p>\n<p><strong>Contacter la r\u00e9daction \/ Soumettre un article:<\/strong> <a href=\"mailto:info@magazine-alpina.ch\">info@magazine-alpina.ch<\/a><\/p>\n","protected":false},"excerpt":{"rendered":"<p>L\u2019Alpina est un magazine tout public m\u00eame s\u2019il est surtout destin\u00e9 aux membres de la GLSA. Les contributions de membres [&hellip;]<\/p>\n","protected":false},"author":12,"featured_media":0,"parent":0,"menu_order":0,"comment_status":"closed","ping_status":"closed","template":"","meta":{"_uf_show_specific_survey":0,"_uf_disable_surveys":false,"footnotes":""},"class_list":["post-670","page","type-page","status-publish","hentry"],"aioseo_notices":[],"_links":{"self":[{"href":"https:\/\/old.freimaurerei.ch\/fr\/wp-json\/wp\/v2\/pages\/670","targetHints":{"allow":["GET"]}}],"collection":[{"href":"https:\/\/old.freimaurerei.ch\/fr\/wp-json\/wp\/v2\/pages"}],"about":[{"href":"https:\/\/old.freimaurerei.ch\/fr\/wp-json\/wp\/v2\/types\/page"}],"author":[{"embeddable":true,"href":"https:\/\/old.freimaurerei.ch\/fr\/wp-json\/wp\/v2\/users\/12"}],"replies":[{"embeddable":true,"href":"https:\/\/old.freimaurerei.ch\/fr\/wp-json\/wp\/v2\/comments?post=670"}],"version-history":[{"count":13,"href":"https:\/\/old.freimaurerei.ch\/fr\/wp-json\/wp\/v2\/pages\/670\/revisions"}],"predecessor-version":[{"id":4350,"href":"https:\/\/old.freimaurerei.ch\/fr\/wp-json\/wp\/v2\/pages\/670\/revisions\/4350"}],"wp:attachment":[{"href":"https:\/\/old.freimaurerei.ch\/fr\/wp-json\/wp\/v2\/media?parent=670"}],"curies":[{"name":"wp","href":"https:\/\/api.w.org\/{rel}","templated":true}]}}