{"id":1601,"date":"2017-09-21T11:49:18","date_gmt":"2017-09-21T09:49:18","guid":{"rendered":"https:\/\/old.freimaurerei.ch\/magazine-alpina\/"},"modified":"2019-05-15T10:30:42","modified_gmt":"2019-05-15T08:30:42","slug":"rivista-alpina","status":"publish","type":"page","link":"https:\/\/old.freimaurerei.ch\/it\/rivista-alpina\/","title":{"rendered":"Rivista Alpina"},"content":{"rendered":"<p><a href=\"http:\/\/old.freimaurerei.ch\/wp-content\/uploads\/2019\/05\/heft-2019-02-215x300.png\"><img loading=\"lazy\" decoding=\"async\" class=\"wp-image-2365 size-full alignright\" src=\"http:\/\/old.freimaurerei.ch\/wp-content\/uploads\/2019\/05\/heft-2019-02-215x300.png\" alt=\"\" width=\"215\" height=\"300\" srcset=\"https:\/\/old.freimaurerei.ch\/wp-content\/uploads\/2019\/05\/heft-2019-02-215x300.png 215w, https:\/\/old.freimaurerei.ch\/wp-content\/uploads\/2019\/05\/heft-2019-02-215x300-129x180.png 129w\" sizes=\"auto, (max-width: 215px) 100vw, 215px\" \/><\/a><br \/>\nFondata nel 1874, la Rivista Alpina mira a creare una base per discutere e informare sugli aspetti della Massoneria. \u00c8 un mezzo di riferimento in materia di simbolismo, filosofia, storia e spiritualit\u00e0 massonica. Il suo contenuto editoriale si basa sull&#8217;universalit\u00e0 massonica come \u00e8 vissuta all&#8217;interno della GLSA. La Rivista Alpina informa sulle attivit\u00e0 della GLSA, delle sue Logge e mira a sostenere la loro coesione.<\/p>\n<p>La Rivista Alpina \u00e8 un periodico associativo trilingue per i Massoni membri della GLSA. I Fratelli e le Sorelle di altre Obbedienze ed i profani possono abbonarsi alla Rivista.<\/p>\n<p><strong>Acquistare un numero\/Abbonamenti<\/strong>: <a href=\"mailto: kanzlei@grossloge-alpina.ch\">kanzlei@grossloge-alpina.ch<\/a><\/p>\n","protected":false},"excerpt":{"rendered":"<p>Fondata nel 1874, la Rivista Alpina mira a creare una base per discutere e informare sugli aspetti della Massoneria. \u00c8 [&hellip;]<\/p>\n","protected":false},"author":12,"featured_media":0,"parent":0,"menu_order":0,"comment_status":"closed","ping_status":"closed","template":"","meta":{"_uf_show_specific_survey":0,"_uf_disable_surveys":false,"footnotes":""},"class_list":["post-1601","page","type-page","status-publish","hentry"],"aioseo_notices":[],"_links":{"self":[{"href":"https:\/\/old.freimaurerei.ch\/it\/wp-json\/wp\/v2\/pages\/1601","targetHints":{"allow":["GET"]}}],"collection":[{"href":"https:\/\/old.freimaurerei.ch\/it\/wp-json\/wp\/v2\/pages"}],"about":[{"href":"https:\/\/old.freimaurerei.ch\/it\/wp-json\/wp\/v2\/types\/page"}],"author":[{"embeddable":true,"href":"https:\/\/old.freimaurerei.ch\/it\/wp-json\/wp\/v2\/users\/12"}],"replies":[{"embeddable":true,"href":"https:\/\/old.freimaurerei.ch\/it\/wp-json\/wp\/v2\/comments?post=1601"}],"version-history":[{"count":4,"href":"https:\/\/old.freimaurerei.ch\/it\/wp-json\/wp\/v2\/pages\/1601\/revisions"}],"predecessor-version":[{"id":2370,"href":"https:\/\/old.freimaurerei.ch\/it\/wp-json\/wp\/v2\/pages\/1601\/revisions\/2370"}],"wp:attachment":[{"href":"https:\/\/old.freimaurerei.ch\/it\/wp-json\/wp\/v2\/media?parent=1601"}],"curies":[{"name":"wp","href":"https:\/\/api.w.org\/{rel}","templated":true}]}}