{"id":373,"date":"2017-01-22T09:16:13","date_gmt":"2017-01-22T09:16:13","guid":{"rendered":"https:\/\/old.freimaurerei.ch\/was-ist-freimaurerei\/"},"modified":"2017-10-17T09:51:31","modified_gmt":"2017-10-17T07:51:31","slug":"che-cose-la-massoneria","status":"publish","type":"page","link":"https:\/\/old.freimaurerei.ch\/it\/che-cose-la-massoneria\/","title":{"rendered":"Che cos\u2019\u00e8 la Massoneria"},"content":{"rendered":"<h1>Che cos\u2019\u00e8 la Massoneria<\/h1>\n<ul>\n<li>Un\u2019alleanza di uomini liberi<\/li>\n<li>Una via di formazione alla vita<\/li>\n<li>Scuola di condotta morale<\/li>\n<li>Una fratellanza<\/li>\n<li>Un approccio alla modernit\u00e0<\/li>\n<li>Un via spirituale<\/li>\n<li>Una societ\u00e0 strutturata<\/li>\n<li>Una via strutturata<\/li>\n<\/ul>\n<p>La Massoneria \u00e8 prima di tutto un\u2019alleanza di uomini liberi , di ogni confessione e di qualsiasi ceto sociale. Essa poggia sulla tolleranza, la sua ricchezza sta in questa diversit\u00e0 confessionale e sociale che sfocia in una direzione comune: quella di seguire ciascuno il cammino del proprio perfezionamento.<\/p>\n<p>Per far ci\u00f2 la Massoneria propone ad ogni persona che desidera lavorare su s\u00e9 stessa, gli arnesi del Simbolismo e della Tradizione. \u00c8 una scuola di vita e un insegnamento di condotta morale che consentono ad ognuno di provvedere alla propria realizzazione.<\/p>\n<p>\u00c8 una fratellanza che serve al proprio arricchimento spirituale e permette di trovare risposte concrete ai problemi del nostro tempo grazie alla molteplicit\u00e0 delle singole opinioni. La modernit\u00e0 non richiede pi\u00f9 un pensiero monolitico, ma induce a tener conto della complessit\u00e0 e della ricchezza delle nostre relazioni.<\/p>\n<p>\u00c8 un processo spirituale, strutturato sia in quanto organizzazione sia quale via. L\u2019organizzazione massonica assicura la libert\u00e0 e l\u2019indipendenza del lavoro di ognuno pur procurando un sostegno collettivo. Il cammino prosegue a tappe e consente un\u2019evoluzione progressiva senza alcuna imposizione.<\/p>\n<p>Grazie a questa mescolanza di libert\u00e0 individuale e di Tradizione che pu\u00f2 anche stupire, la Massoneria \u00e8 sopravvissuta intatta dal 18mo secolo sino ai nostri giorni, pur rimanendo, nel frattempo, sempre la stessa e mai superata.<\/p>\n<h2><b>Un\u2019alleanza di uomini liberi<\/b><\/h2>\n<p>\u00c8 importante coltivare sia la propria libert\u00e0 quanto quella dell\u2019 altro. Se si rispetta la libert\u00e0 dell\u2019altro, non solo ci si arricchisce del suo pensiero e delle sue esperienze ma, oltre tutto, si scopre talvolta che le nostre certezze non sono sempre tali. Non si tratta di realizzare un sincretismo di religioni e di umanesimi, ma di aprire il proprio spirito alle diverse culture universali che hanno contribuito all\u2019arricchimento del pensiero umano. Quando si rispetta la libert\u00e0 dell\u2019altro, si conquista la propria libert\u00e0 e ci\u00f2 al di l\u00e0 di ogni schema, delle abitudini e delle credenze da noi adottate quasi inconsapevolmente. L\u2019uomo si affida a tradizioni particolari, nazionali e religiose. Non si tratta nemmeno di rifiutare le proprie credenze ma di assumerle coscientemente e in piena libert\u00e0.<\/p>\n<p>Infine, questa libert\u00e0 si esercita fino al punto che \u00e8 possibile lasciare la Massoneria in ogni momento se essa non \u00e8 pi\u00f9 compatibile con la propria personalit\u00e0.<\/p>\n<h2><b>Una via di formazione alla vita<\/b><\/h2>\n<p>L\u2019unit\u00e0 biologica dell\u2019umanit\u00e0 presuppone l\u2019abolizione del razzismo. Non esistono uomini superiori o inferiori, ma soltanto una grande diversit\u00e0 etnica e culturale, come pure diversi gradi nell\u2019evoluzione delle societ\u00e0 umane. Solidale con tutti gli esseri nell\u2019unit\u00e0 cosmica, dall\u2019infinitamente piccolo all\u2019infinitamente grande, l\u2019uomo cosciente si sente unito allo spirito eterno, Anima o Architettura del Cosmo, simbolo della perfezione, senza rappresentazione dogmatica.<\/p>\n<h2><b>Un insegnamento di condotta morale<\/b><\/h2>\n<p>La parola morale, identificata un tempo col dogmatismo, oggi riappare col nome di etica e assume diversi significati. Nel contesto massonico del perfezionamento individuale, pu\u00f2 significare qualche cosa di molto semplice e che fa parte di questo lavoro verso la libert\u00e0, vale a dire mettere in accordo i nostri pensieri con i nostri atti. Questo accordo non \u00e8 facile da realizzare nel contesto della vita contemporanea ed esige coraggio.<\/p>\n<h2><b>Una fratellanza<\/b><\/h2>\n<p>In questa ricerca di perfezionamento, \u00e8 importante trovare un assieme di persone che camminino sulla stessa via per scambiare le proprie esperienze, sostenersi a vicenda e sperimentare la virt\u00f9 della tolleranza. Per questo la Massoneria \u00e8 una fratellanza sia come conseguenza di questo lavoro in comune, sia come mezzo affinch\u00e9 ognuno proceda nella propria via .Questa fraternit\u00e0 \u00e8 il vincolo profondo che ci lega agli altri uomini, siano essi Massoni o profani.<\/p>\n<h2><b>Un approccio alla modernit\u00e0<\/b><\/h2>\n<p>L\u2019uomo del nostro tempo deve pensare su scala mondiale; deve guardare al di l\u00e0 delle barriere razziali, filosofiche e religiose che dividono gli uomini. Nella mondializzazione attuale il dogmatismo, di qualsiasi specie esso sia, sar\u00e0 sempre negativo. La Massoneria \u00e8 un\u2019esperienza che dimostra come l\u2019universalit\u00e0 non \u00e8 n\u00e9 pu\u00f2 essere sinonimo di uniformit\u00e0, anzi al contrario.<\/p>\n<h2><b>Un processo spirituale<\/b><\/h2>\n<p>Per poter vincere la scommessa della diversit\u00e0 in armonia, la Massoneria tradizionale fa appello a un principio superiore che trascende la realt\u00e0 materiale, sociale e religiosa, che certi chiamano \u201cDio\u201d, altri \u201cEnergia\u201d o altro ancora, e che noi, per non lasciarci coinvolgere in dispute sterili chiamiamo Grande Architetto dell\u2019Universo. La combinazione della fede in un principio superiore e un processo di perfezionamento di s\u00e9 stessi \u00e8 infatti in senso lato un processo spirituale.<\/p>\n<h2><b>Una societ\u00e0 strutturata<\/b><\/h2>\n<p>I Frammassoni lavorano in Logge che a loro volta fanno parte di Grandi Logge o Grandi Orienti. Ogni Loggia ha un Comitato (chiamato Collegio) e un presidente (detto Venerabile o Maestro in Cattedra), come ogni societ\u00e0. Anche le Grandi Logge hanno un Gran Collegio.<\/p>\n<p>Questa struttura non implica una gerarchia ma un\u2019organizzazione. Il Collegio assume il compito di coordinare i lavori della Loggia, cos\u00ec come le Grandi Logge e i Grandi Orienti non dirigono ma coordinano le attivit\u00e0 delle Logge. Per evitare il sorgere di relazioni di potere nel loro seno, i Collegi e i Gran Collegi sono rinnovati obbligatoriamente in modo regolare. Il principio assoluto \u00e8: massoni liberi in logge libere. Il Massone deve obbedire a una sola cosa: all\u2019impegno preso verso s\u00e9 stesso di lavorare al suo perfezionamento nel rispetto della via da lui liberamente scelta.<\/p>\n<h2><b>Una procedura strutturata<\/b><\/h2>\n<p>La procedura massonica \u00e8 strutturata in sistemi di gradi: i riti. La ricchezza degli arnesi proposti \u00e8 immensa e poich\u00e9 si pu\u00f2 avanzare soltanto facendo un passo dopo l\u2019altro, il processo massonico \u00e8 strutturato in un sistema di gradi che costituiscono altrettanti passi da compiere.<\/p>\n<p>L\u2019aver fatto un passo di pi\u00f9 non conferisce superiorit\u00e0 alcuna su coloro che non lo hanno ancora compiuto; ma sussiste semmai il dovere di aiutare gli altri ad andare avanti.<\/p>\n<p>Ogni grado propone un vissuto e dei simboli nuovi sui quali il Massone \u00e8 tenuto a meditare.<\/p>\n<h1><\/h1>\n<h1>Ci\u00f2 che la Massoneria non \u00e8<\/h1>\n<ul>\n<li>Una societ\u00e0 proselitista<\/li>\n<li>Una societ\u00e0 elitaria<\/li>\n<li>Una societ\u00e0 filantropica<\/li>\n<li>Una societ\u00e0 misogina<\/li>\n<li>Una religione o una setta<\/li>\n<li>Una societ\u00e0 segreta<\/li>\n<li>Una societ\u00e0 occultista<\/li>\n<\/ul>\n<p>Per dire ci\u00f2 che la Massoneria non \u00e8 sarebbe sufficiente dire quello che \u00e8. Tuttavia il fatto di non conoscerla crea dei sentito dire sui quali \u00e8 importante pronunciarsi.<\/p>\n<p>La Massoneria non pratica il proselitismo, altrimenti si saprebbe molto di pi\u00f9 sulla sua storia,sugli scopi, ecc.<\/p>\n<p>Essa non \u00e8 una societ\u00e0 elitaria poich\u00e9 il principale criterio di ammissione \u00e8 la sincera volont\u00e0 di perfezionarsi. Essa chiede, sotto l\u2019aspetto finanziario, soltanto la tassa annuale come qualsiasi altra societ\u00e0. Essa non \u00e8 nemmeno una societ\u00e0 filantropica o dedita agli affari come appaiono certi club di servizio.<\/p>\n<p>Malgrado il fatto che molte obbedienze non ammettano le donne, ci\u00f2 non significa che la Massoneria sia esclusivamente riservata agli uomini. Esistono pure obbedienze femminili e miste.<\/p>\n<p>La Massoneria non \u00e8 n\u00e9 una religione, n\u00e9 una setta, ma un processo spirituale basato sulla libert\u00e0 di ognuno e quindi sulla tolleranza reciproca. Essa ammette membri di qualsiasi orizzonte spirituale.<\/p>\n<p>Non \u00e8 una societ\u00e0 segreta poich\u00e9 essa \u00e8 un\u2019associazione ufficialmente riconosciuta la cui esistenza e i suoi scopi sono dichiarati pubblicamente.<\/p>\n<p>Essa non \u00e8 nemmeno una societ\u00e0 occultista, poich\u00e9 i suoi lavori consistono nella riflessione comune dei suoi membri e la divisione di un vissuto comune degli arnesi utilizzati: vale a dire i simboli.<\/p>\n<h2><b>Una societ\u00e0 proselitista<\/b><\/h2>\n<p>La Massoneria non fa proselitismo. Chi si sente chiamato a condividere il cammino dei Frammassoni, lo fa liberamente, senza essere influenzato da nessuno. \u00c8 tipico che chi diventa Frammassone lo vuole perch\u00e9 sente il bisogno di evolvere in uno spirito di apertura e che questo spirito d\u2019apertura lo ha notato in persone che si sono fatte conoscere come Frammassoni. Un tempo era possibile entrare in Massoneria soltanto con la raccomandazione di un certo numero di Massoni. Oggi non \u00e8 pi\u00f9 il caso.<\/p>\n<h2><b>Una societ\u00e0 di \u201c\u00e9lite\u201d<\/b><\/h2>\n<p>La Massoneria non pu\u00f2 essere una \u201c\u00e9lite\u201d sociale o economica, poich\u00e9 la sua ricchezza consiste nella diversit\u00e0 dei suoi membri (e non dal loro portafoglio).<\/p>\n<p>Tuttavia, si chiede alla persona di impegnarsi a lavorare sinceramente al suo perfezionamento. Come conseguenza, la Massoneria non \u00e8 organizzata come un club di servizio e non \u00e8 il luogo per praticare amicizie con scopi affaristici.<\/p>\n<p>Sotto l\u2019aspetto finanziario, le tasse annuali non differiscono molto da quelle richieste dalla maggior parte delle societ\u00e0 sportive o altre, e non costituiscono un ostacolo per coloro che desiderano sinceramente aderirvi.<\/p>\n<h2><b>Una societ\u00e0 filantropica<\/b><\/h2>\n<p>La Massoneria non \u00e8 una societ\u00e0 filantropica perch\u00e9 essa ha come scopo primario il perfezionamento dei suoi membri. Naturalmente si spera che questo lavoro su s\u00e9 stessi possa influenzare favorevolmente tutta la societ\u00e0, ma ci\u00f2 sar\u00e0 soltanto la conseguenza e non lo scopo in s\u00e9. Tuttavia, l\u2019amore per il prossimo significa anche, ma non esclusivamente, pratica della solidariet\u00e0.<\/p>\n<h2><b>Una societ\u00e0 misogina<\/b><\/h2>\n<p>La Gran Loggia Svizzera Alpina \u00e8 effettivamente esclusivamente mascolina, ma ci\u00f2 non si pu\u00f2 dire di tutta la Massoneria. Esistono anche obbedienze esclusivamente femminili e obbedienze miste. Da una parte, la Massoneria affonda le sue radici nelle societ\u00e0 di compagnonaggio del Medioevo, e quindi storicamente \u00e8 l\u2019erede di una tradizione maschile. Dall\u2019altra, il lavoro su s\u00e9 stessi implica spesso delle sensibilit\u00e0 diverse nell\u2019uomo e nella donna (Gli uomini sono di Marte, le donne di Venere!). Si pu\u00f2 quindi scegliere liberamente di condividere questa sensibilit\u00e0 con persone dell\u2019altro sesso e quindi aderire a una Massoneria mista; oppure si pu\u00f2 scegliere di vivere separatamente questa esperienza, e allora si pu\u00f2 scegliere tra un\u2019obbedienza maschile o femminile, a seconda del proprio sesso.<\/p>\n<h2><b>N\u00e9 una religione, n\u00e9 una setta<\/b><\/h2>\n<p>La Massoneria non pu\u00f2 essere n\u00e9 una religione, n\u00e9 una setta, altrimenti essa non rispetterebbe lo spirito di tolleranza che le \u00e8 proprio, n\u00e9 la libert\u00e0 alla quale ognuno ha diritto. Essa si oppone ad ogni iniziativa tesa a costringere ad aderire ad una qualsiasi opinione, sia politica o religiosa. Tutta l\u2019organizzazione massonica \u00e8 concepita in modo che ognuno possa tracciare il proprio cammino personale arricchendosi della diversit\u00e0 del vissuto e delle opinioni, ma in nessun caso con l\u2019adesione obbligatoria ad opinioni che pretendono di possedere un\u2019unica verit\u00e0.<\/p>\n<p>Contrariamente a quanto avviene nella maggior parte delle sette, chi vuole pu\u00f2 lasciare la Massoneria.<\/p>\n<p>Effettivamente essa propone un determinato cammino, ma non lo impone e quindi per l\u2019aderente si tratta di una libera scelta. Se ci\u00f2 non corrisponde ai propri sentimenti, \u00e8 preferibile dimissionare.<\/p>\n<h2><b>Una societ\u00e0 segreta<\/b><\/h2>\n<p>La Massoneria non \u00e8 una societ\u00e0 segreta: non fa mistero della sua esistenza, n\u00e9 dei suoi scopi. Inoltre la maggior parte dei libri che descrivono i suoi simboli e i suoi riti, si possono trovare nelle librerie. Se noi tentiamo di non divulgare i nostri rituali, \u00e8 soltanto per evitare che un eventuale candidato alla Massoneria possa vivere preventivamente ci\u00f2 che \u00e8 riservato all\u2019iniziazione, nel corso della quale egli potr\u00e0 comprendere quanto la vita massonica potr\u00e0 offrirgli.<\/p>\n<p>Il fatto che non sia consentito di dire se una persona appartenga o meno alla Massoneria, significa rispettare la sua libert\u00e0, in quanto spetta a lei soltanto di giudicare se sia opportuno scoprirsi o meno, tenendo conto dell\u2019ambiente professionale o sociale in cui vive e della tolleranza che vi \u00e8 praticata.<\/p>\n<h2><b>Una societ\u00e0 occultista<\/b><\/h2>\n<p>Non bisogna confondere l\u2019occultismo con l\u2019esoterismo. L\u2019occultismo vive di pratiche a carattere pi\u00f9 o meno magiche, mentre l\u2019esoterismo (letteralmente: la via interiore) \u00e8 un procedimento che tien conto del vissuto personale. L\u2019esoterismo si oppone all\u2019essoterismo che \u00e8 la via esteriore nella quale altri impongono una verit\u00e0. In questo senso la Massoneria \u00e8 una societ\u00e0 esoterica ma non occultista.<\/p>\n<p>Se essa pratica dei rituali, lo fa per proporre delle esperienze, dei vissuti sui quali il Massone pu\u00f2 liberamente meditare e lavorare. Questi rituali sono indispensabili se si vuol evitare che il lavoro sia unicamente intellettuale: non sono le parole che ci consentono di migliorarci ma l\u2019esperienza.<\/p>\n<p>&nbsp;<\/p>\n<h1>Ci\u00f2 che la Massoneria pu\u00f2 offrire<\/h1>\n<p>Se si tiene conto di quanto precede, \u00e8 facile farsi un\u2019idea di quanto la Massoneria possa dare all\u2019individuo in particolare e all\u2019umanit\u00e0 in generale. Riassumendo, si tratta essenzialmente di una scuola di vita e di apprendimento della libert\u00e0 considerando tutte le dimensioni dell\u2019individuo: sul piano affettivo grazie alla fraternit\u00e0, intellettuale, con l\u2019esercizio della tolleranza, e spirituale in virt\u00f9 della Tradizione e del riferimento a un principio superiore. Essa consente a qualsiasi persona che desideri avviarsi sul cammino difficile del proprio perfezionamento \u2014 e insistiamo sul termine di perfezionamento piuttosto che su quello della perfezione, poich\u00e9 si tratta di una via e non di un obiettivo \u2014 e di trovare un\u2019alleanza fraterna con la quale possa confrontare i suoi sforzi e le sue domande. La Massoneria \u00e8 quindi un luogo dove l\u2019 incontro e il dialogo costruttivo sono possibili nel rispetto delle opinioni altrui e nell\u2019ascolto dell\u2019altro.<\/p>\n<p>Ci\u00f2 che unisce i Frammassoni \u00e8 la fede nella perfettibilit\u00e0 di ognuno e il suo possibile irraggiamento sugli altri. Grazie al lavoro del Massone, la Massoneria spera di poter irradiare all\u2019esterno maggior senso di giustizia, tolleranza, carit\u00e0 e amore, con il comportamento attivo e responsabile di ognuno.<\/p>\n","protected":false},"excerpt":{"rendered":"<p>Che cos\u2019\u00e8 la Massoneria Un\u2019alleanza di uomini liberi Una via di formazione alla vita Scuola di condotta morale Una fratellanza [&hellip;]<\/p>\n","protected":false},"author":12,"featured_media":0,"parent":0,"menu_order":0,"comment_status":"closed","ping_status":"closed","template":"","meta":{"_uf_show_specific_survey":0,"_uf_disable_surveys":false,"footnotes":""},"class_list":["post-373","page","type-page","status-publish","hentry"],"aioseo_notices":[],"_links":{"self":[{"href":"https:\/\/old.freimaurerei.ch\/it\/wp-json\/wp\/v2\/pages\/373","targetHints":{"allow":["GET"]}}],"collection":[{"href":"https:\/\/old.freimaurerei.ch\/it\/wp-json\/wp\/v2\/pages"}],"about":[{"href":"https:\/\/old.freimaurerei.ch\/it\/wp-json\/wp\/v2\/types\/page"}],"author":[{"embeddable":true,"href":"https:\/\/old.freimaurerei.ch\/it\/wp-json\/wp\/v2\/users\/12"}],"replies":[{"embeddable":true,"href":"https:\/\/old.freimaurerei.ch\/it\/wp-json\/wp\/v2\/comments?post=373"}],"version-history":[{"count":3,"href":"https:\/\/old.freimaurerei.ch\/it\/wp-json\/wp\/v2\/pages\/373\/revisions"}],"predecessor-version":[{"id":378,"href":"https:\/\/old.freimaurerei.ch\/it\/wp-json\/wp\/v2\/pages\/373\/revisions\/378"}],"wp:attachment":[{"href":"https:\/\/old.freimaurerei.ch\/it\/wp-json\/wp\/v2\/media?parent=373"}],"curies":[{"name":"wp","href":"https:\/\/api.w.org\/{rel}","templated":true}]}}