{"id":382,"date":"2017-01-22T09:17:19","date_gmt":"2017-01-22T09:17:19","guid":{"rendered":"https:\/\/old.freimaurerei.ch\/grundsaetze\/"},"modified":"2017-10-17T09:52:29","modified_gmt":"2017-10-17T07:52:29","slug":"principi-generali","status":"publish","type":"page","link":"https:\/\/old.freimaurerei.ch\/it\/principi-generali\/","title":{"rendered":"Principi generali"},"content":{"rendered":"<h1>Principi massonici generali della Gran Loggia Svizzera Alpina<\/h1>\n<table border=\"0\" width=\"100%\" cellspacing=\"0\" cellpadding=\"4\">\n<tbody>\n<tr>\n<td valign=\"top\" width=\"27\" height=\"56\">I.<\/td>\n<td valign=\"top\" height=\"56\">L&#8217;Alleanza massonica \u00e8 un&#8217;associazione di uomini liberi che fa risalire la sua origine alle corporazioni e alle confraternite muratorie del medioevo. Essa riconosce ancora oggi come mezzi d&#8217;insegnamento e linee direttrici le prescrizioni allora in vigore in quelle corporazioni e conservate in diversi documenti, in modo particolare in quello che si chiama &#8220;Gli antichi doveri del frammassone del 1723&#8221; e nei rituali che ci sono stati tramandati.<\/td>\n<\/tr>\n<tr>\n<td valign=\"top\" width=\"27\" height=\"56\">II.<\/td>\n<td valign=\"top\" height=\"56\">I liberi muratori si riconoscono come fratelli e considerano la loro alleanza un&#8217;alleanza di fratelli. Sanno che tutti gli uomini, qualunque sia la differenza dei loro talenti o delle loro posizioni sociali, sono nati con gli stessi diritti e gli stessi doveri. Sapendo che questa verit\u00e0 \u00e8 spesso misconosciuta nella vita, stimano conseguentemente loro dovere intrattenere e fortificare i sentimenti di fratellanza e di uguaglianza, prima di tutto fra di loro, poi fra gli altri uomini.<\/td>\n<\/tr>\n<tr>\n<td valign=\"top\" width=\"27\" height=\"80\">III.<\/td>\n<td valign=\"top\" height=\"80\">\n<div align=\"left\">L&#8217;Alleanza massonica ha per scopo lo sviluppo morale dei suoi membri e la pratica dei princip\u00ee umanitari. I suoi mezzi d&#8217;azione sono: l&#8217;uso del simbolismo attinto dall&#8217;arte dell&#8217;architettura; la mutua istruzione sugli interessi superiori dell&#8217;umanit\u00e0; l&#8217;educazione attraverso l&#8217;esercizio dell&#8217;amicizia; l&#8217;emulazione al dovere sociale attraverso l&#8217;esempio personale e l&#8217;esercizio della solidariet\u00e0. Inoltre l&#8217;Alleanza massonica si sforza di mettere in pratica e di diffondere i suoi princip\u00ee fondamentali; di far progredire l&#8217;istruzione e l&#8217;educazione; di sostenere e anche costruire, se necessario, istituti di pubblica utilit\u00e0; di combattere senza tregua per la tolleranza e per il progresso.<\/div>\n<\/td>\n<\/tr>\n<tr>\n<td valign=\"top\" width=\"27\" height=\"68\">IV.<\/td>\n<td valign=\"top\" height=\"68\">L&#8217;Alleanza massonica lavora alla GLORIA DEL GRANDE ARCHITETTO DELL&#8217;UNIVERSO. *) Afferma la libert\u00e0 di coscienza, di credenza e di pensiero e respinge ogni ostacolo a queste libert\u00e0. Rispetta tutte le convinzioni sincere e condanna ogni opposizione alla libert\u00e0 di pensiero. Conformemente alle antiche usanze, il Libro della Legge Sacra, la Squadra e il Compasso &#8211; le tre Grandi Luci della Massoneria &#8211; sono presenti come simboli nei lavori rituali.<\/td>\n<\/tr>\n<tr>\n<td valign=\"top\" width=\"27\" height=\"68\">V.<\/td>\n<td valign=\"top\" height=\"68\">Il Libero Muratore svizzero \u00e8 sinceramente fedele alla sua patria e ritiene suo sacro dovere difenderne la libert\u00e0 e l&#8217;indipendenza, nonch\u00e9 di contribuire al mantenimento della pace al suo interno. Fedele alla tradizione dell&#8217;Ordine, il Libero Muratore svizzero s&#8217;impegna a far rispettare i diritti dell&#8217;uomo. Ogni libero muratore, in quanto cittadino, \u00e8 moralmente tenuto, nell&#8217;affermazione dei princip\u00ee massonici, ad interessarsi agli affari pubblici. Egli agisce secondo le sue convinzioni, per il bene della patria.<\/td>\n<\/tr>\n<tr>\n<td valign=\"top\" width=\"27\" height=\"56\">VI.<\/td>\n<td valign=\"top\" height=\"56\">La Loggia \u00e8 un luogo sereno e neutro dove non hanno accesso le passioni umane. Essa non si ingerisce in alcuna controversia politica o confessionale. A titolo istruttivo \u00e8 possibile uno scambio di opinioni su problemi del genere. Ma le eventuali discussioni non potranno mai essere oggetto di votazioni, n\u00e9 giungere a conclusioni che possano ledere l&#8217;indipendenza dei membri della Loggia.<\/td>\n<\/tr>\n<tr>\n<td valign=\"top\" width=\"27\" height=\"68\">VII.<\/td>\n<td valign=\"top\" height=\"68\">L&#8217;Alleanza massonica accoglie uomini liberi e di buona reputazione che si uniscono fraternamente per lavorare al loro perfezionamento. Essa lo fa senza distinzione di fede, di stirpe, di nazionalit\u00e0, di partito politico o di posizione sociale. L&#8217;Alleanza massonica respinge ogni tentativo formale di reclutamento come azione antimassonica. E&#8217; tuttavia concesso ai membri delle Logge, nei limiti della discrezione, di dare informazioni a coloro che saranno ritenuti idonei ad essere iniziati alla Massoneria.<\/td>\n<\/tr>\n<tr>\n<td valign=\"top\" width=\"27\">VIII.<\/td>\n<td>I Liberi Muratori hanno l&#8217;obbligo di osservare fedelmente le leggi della Gran Loggia e della Loggia e dovranno impegnarsi seriamente nel difenderne l&#8217;onore e gli interessi. Potranno lasciare l&#8217;Associazione qualora le loro convinzioni o la loro situazione lo esigessero.<\/td>\n<\/tr>\n<\/tbody>\n<\/table>\n","protected":false},"excerpt":{"rendered":"<p>Principi massonici generali della Gran Loggia Svizzera Alpina I. L&#8217;Alleanza massonica \u00e8 un&#8217;associazione di uomini liberi che fa risalire la [&hellip;]<\/p>\n","protected":false},"author":12,"featured_media":0,"parent":0,"menu_order":0,"comment_status":"closed","ping_status":"closed","template":"","meta":{"_uf_show_specific_survey":0,"_uf_disable_surveys":false,"footnotes":""},"class_list":["post-382","page","type-page","status-publish","hentry"],"aioseo_notices":[],"_links":{"self":[{"href":"https:\/\/old.freimaurerei.ch\/it\/wp-json\/wp\/v2\/pages\/382","targetHints":{"allow":["GET"]}}],"collection":[{"href":"https:\/\/old.freimaurerei.ch\/it\/wp-json\/wp\/v2\/pages"}],"about":[{"href":"https:\/\/old.freimaurerei.ch\/it\/wp-json\/wp\/v2\/types\/page"}],"author":[{"embeddable":true,"href":"https:\/\/old.freimaurerei.ch\/it\/wp-json\/wp\/v2\/users\/12"}],"replies":[{"embeddable":true,"href":"https:\/\/old.freimaurerei.ch\/it\/wp-json\/wp\/v2\/comments?post=382"}],"version-history":[{"count":2,"href":"https:\/\/old.freimaurerei.ch\/it\/wp-json\/wp\/v2\/pages\/382\/revisions"}],"predecessor-version":[{"id":387,"href":"https:\/\/old.freimaurerei.ch\/it\/wp-json\/wp\/v2\/pages\/382\/revisions\/387"}],"wp:attachment":[{"href":"https:\/\/old.freimaurerei.ch\/it\/wp-json\/wp\/v2\/media?parent=382"}],"curies":[{"name":"wp","href":"https:\/\/api.w.org\/{rel}","templated":true}]}}