{"id":391,"date":"2017-01-22T09:20:40","date_gmt":"2017-01-22T09:20:40","guid":{"rendered":"https:\/\/old.freimaurerei.ch\/beruhmte-freimaurer\/"},"modified":"2017-10-17T09:53:12","modified_gmt":"2017-10-17T07:53:12","slug":"personalita-notevoli","status":"publish","type":"page","link":"https:\/\/old.freimaurerei.ch\/it\/personalita-notevoli\/","title":{"rendered":"personalit\u00e0 notevoli"},"content":{"rendered":"<h1>Alcune personalit\u00e0 notevoli della Massoneria svizzera<\/h1>\n<p>Naturalmente \u00e8 difficile allestire una lista esaustiva dei Frammassoni svizzeri pi\u00f9 conosciuti senza infrangere la discrezione convenuta per l\u2019appartenenza all\u2019Ordine. Ma questa discrezione si applica soltanto ai Frammassoni viventi, per cui si indicheranno soltanto alcune personalit\u00e0 che hanno segnato la loro epoca sia nella vita politica, sia in quella culturale del nostro paese.<\/p>\n<p><b>Brenno Bertoni (1860-1945).<br \/>\n<\/b>Uomo politico eminente del Canton Ticino, magistrato, giornalista, avvocato.<br \/>\nPartecip\u00f2 alla Rivoluzione liberale del 1890.<\/p>\n<p><b>Andr\u00e9 Ch\u00e9del.<br \/>\n<\/b>Nato nel 1915 e iniziato alla Massoneria nel 1954. Di Le Locle, umanista e filosofo riconosciuto ben al di l\u00e0 delle nostre frontiere, sar\u00e0 insignito del Dottorato Honoris Causa dall\u2019Universit\u00e0 di Neuch\u00e2tel alcuni anni prima della sua morte, avvenuta nel 1984.<\/p>\n<p><b>Jonas Furrer (1805-1861).<br \/>\n<\/b>membro della Loggia Akazia di Winterthur. Fu eletto Grande Oratore della Gran Loggia Svizzera Alplina nel 1844. Quattro anni pi\u00f9 tardi fu il primo presidente della Confederazione Svizzera.<\/p>\n<p><b>Augusto Giacometti (1877-1947).<br \/>\n<\/b>Pittore svizzero originario del Canton Grigioni, iniziato a Zurigo nel 1919. \u00c8 noto per le sue decorazioni nell\u2019arte sacra, i suoi soggetti floreali e, dal 1910, per le sue opere astratte quale macchiaiolo.<\/p>\n<p><b>Pierre-Maurice Glayre (1743-1819).<br \/>\n<\/b>Politico e diplomatico. Fu anche il segretario privato del re di Polonia e il primo presidente dell\u2019Assemblea provvisoria del Paese di Vaud.<\/p>\n<p><b>Adrien Lachenal (1849-1918).<br \/>\n<\/b>Avvocato e politico ginevrino. Fu membro del Consiglio Federale dal 1892 al 1899 e presidente della Confederazione nel 1896. Presiedette il Consiglio degli Stati dal 1904 al 1918.<\/p>\n<p><b>Romeo Manzoni (1847-1912).<br \/>\n<\/b>Ticinese. Filosofo, educatore, polemista.<\/p>\n<p><b>Antoine Louis John Ruchonnet.<br \/>\n<\/b>Nato il 28 aprile 1834, originario di Saint-Saphorin (Vaud). Fu Venerabile della Loggia Libert\u00e9 di Losanna. Eletto in Consiglio Federale il 3 marzo 1881 quale rappresentante del Canton Vaud. Mor\u00ec nel corso del suo mandato il 14 settembre 1893, dopo esser stato eletto due volte presidente della Confederazione, nel 1883 e nel 1890.<\/p>\n<p>&nbsp;<\/p>\n","protected":false},"excerpt":{"rendered":"<p>Alcune personalit\u00e0 notevoli della Massoneria svizzera Naturalmente \u00e8 difficile allestire una lista esaustiva dei Frammassoni svizzeri pi\u00f9 conosciuti senza infrangere [&hellip;]<\/p>\n","protected":false},"author":12,"featured_media":0,"parent":0,"menu_order":0,"comment_status":"closed","ping_status":"closed","template":"","meta":{"_uf_show_specific_survey":0,"_uf_disable_surveys":false,"footnotes":""},"class_list":["post-391","page","type-page","status-publish","hentry"],"aioseo_notices":[],"_links":{"self":[{"href":"https:\/\/old.freimaurerei.ch\/it\/wp-json\/wp\/v2\/pages\/391","targetHints":{"allow":["GET"]}}],"collection":[{"href":"https:\/\/old.freimaurerei.ch\/it\/wp-json\/wp\/v2\/pages"}],"about":[{"href":"https:\/\/old.freimaurerei.ch\/it\/wp-json\/wp\/v2\/types\/page"}],"author":[{"embeddable":true,"href":"https:\/\/old.freimaurerei.ch\/it\/wp-json\/wp\/v2\/users\/12"}],"replies":[{"embeddable":true,"href":"https:\/\/old.freimaurerei.ch\/it\/wp-json\/wp\/v2\/comments?post=391"}],"version-history":[{"count":1,"href":"https:\/\/old.freimaurerei.ch\/it\/wp-json\/wp\/v2\/pages\/391\/revisions"}],"predecessor-version":[{"id":392,"href":"https:\/\/old.freimaurerei.ch\/it\/wp-json\/wp\/v2\/pages\/391\/revisions\/392"}],"wp:attachment":[{"href":"https:\/\/old.freimaurerei.ch\/it\/wp-json\/wp\/v2\/media?parent=391"}],"curies":[{"name":"wp","href":"https:\/\/api.w.org\/{rel}","templated":true}]}}