{"id":398,"date":"2017-01-22T09:22:16","date_gmt":"2017-01-22T09:22:16","guid":{"rendered":"https:\/\/old.freimaurerei.ch\/das-maurerische-geheimnis\/"},"modified":"2017-10-17T09:53:54","modified_gmt":"2017-10-17T07:53:54","slug":"il-segreto-massonico","status":"publish","type":"page","link":"https:\/\/old.freimaurerei.ch\/it\/il-segreto-massonico\/","title":{"rendered":"Il Segreto Massonico"},"content":{"rendered":"<p>Il segreto massonico risiede nel concetto filosofico della illuminazione interiore, il cui processo incomincia con l&#8217;iniziazione.<\/p>\n<p>Oswald Wirth<\/p>\n<p>Il segreto massonico impone un silenzio tale che i Massoni non rivelano nemmeno le inesattezze e nemmeno le calunnie propagate sul loro conto, scrive Jean-Pierre Bayard.<\/p>\n<p>A causa di questo segreto e di questo atteggiamento numerosi autori hanno potuto scrivere le peggiori elucubrazioni sul nostro Ordine. Pure a causa del segreto, alcuni hanno visto nella Massoneria una societ\u00e0 segreta che farebbe gli stessi misfatti praticati dalle societ\u00e0 segrete profane che hanno scopi politici.<\/p>\n<p>Il mistero che avvolse il segreto massonico nel corso dei secoli suscit\u00f2 commenti numerosi e virulenti tanto che un giuramento prestato in Loggia dice che l&#8217;iniziato non riveler\u00e0 il segreto sotto pena di avere tagliata la gola. Questo eccesso tutto simbolico fu spesso preso alla lettera. \u00c8 vero che il segreto, staccato dal suo contesto e dalla circostanza in cui \u00e8 pronunciato, permetteva, allora, il sorgere di molte supposizioni.<\/p>\n<p>In un rituale degli \u00abalti gradi\u00bb troviamo questa domanda: Sarebbe un male se un uomo in grado di capirci scoprisse il nostro segreto? La risposta \u00e8: Sarebbe un gran bene, poich\u00e9 potremmo contare un Fratello in pi\u00f9! L&#8217;umorismo si fa largo anche nelle societ\u00e0 pi\u00f9 serie!<\/p>\n<p>&nbsp;<\/p>\n","protected":false},"excerpt":{"rendered":"<p>Il segreto massonico risiede nel concetto filosofico della illuminazione interiore, il cui processo incomincia con l&#8217;iniziazione. Oswald Wirth Il segreto [&hellip;]<\/p>\n","protected":false},"author":12,"featured_media":0,"parent":0,"menu_order":0,"comment_status":"closed","ping_status":"closed","template":"","meta":{"_uf_show_specific_survey":0,"_uf_disable_surveys":false,"footnotes":""},"class_list":["post-398","page","type-page","status-publish","hentry"],"aioseo_notices":[],"_links":{"self":[{"href":"https:\/\/old.freimaurerei.ch\/it\/wp-json\/wp\/v2\/pages\/398","targetHints":{"allow":["GET"]}}],"collection":[{"href":"https:\/\/old.freimaurerei.ch\/it\/wp-json\/wp\/v2\/pages"}],"about":[{"href":"https:\/\/old.freimaurerei.ch\/it\/wp-json\/wp\/v2\/types\/page"}],"author":[{"embeddable":true,"href":"https:\/\/old.freimaurerei.ch\/it\/wp-json\/wp\/v2\/users\/12"}],"replies":[{"embeddable":true,"href":"https:\/\/old.freimaurerei.ch\/it\/wp-json\/wp\/v2\/comments?post=398"}],"version-history":[{"count":1,"href":"https:\/\/old.freimaurerei.ch\/it\/wp-json\/wp\/v2\/pages\/398\/revisions"}],"predecessor-version":[{"id":399,"href":"https:\/\/old.freimaurerei.ch\/it\/wp-json\/wp\/v2\/pages\/398\/revisions\/399"}],"wp:attachment":[{"href":"https:\/\/old.freimaurerei.ch\/it\/wp-json\/wp\/v2\/media?parent=398"}],"curies":[{"name":"wp","href":"https:\/\/api.w.org\/{rel}","templated":true}]}}