{"id":402,"date":"2017-01-22T09:22:57","date_gmt":"2017-01-22T09:22:57","guid":{"rendered":"https:\/\/old.freimaurerei.ch\/frauen-freimaurerei\/"},"modified":"2022-04-20T09:02:26","modified_gmt":"2022-04-20T07:02:26","slug":"massoneria-femminile","status":"publish","type":"page","link":"https:\/\/old.freimaurerei.ch\/it\/massoneria-femminile\/","title":{"rendered":"Massoneria Femminile"},"content":{"rendered":"<h1>Massoneria femminile<\/h1>\n<p>La GLSA \u00e8 un&#8217;obbedienza esclusivamente maschile, come tutte le altre Gran Logge regolari nel mondo.<\/p>\n<p>Le donne che desiderano praticare l&#8217;Arte Reale hanno la possibilit\u00e0 di unirsi a obbedienze massoniche esclusivamente femminili.<\/p>\n<p>Le logge femminili sono antiche, risalgono a pi\u00f9 di cento anni fa in alcuni paesi come l&#8217;Inghilterra e la Francia. Ora hanno un posto a pieno titolo nel paesaggio massonico.<\/p>\n<p>In Svizzera, la prima loggia femminile, &#8221; Lut\u00e8ce &#8220;, \u00e8 stata creata nel 1964 a Ginevra e oggi la Gran Loggia Femminile Svizzera (GLFS) conta 18 logge e pi\u00f9 di 400 membri che lavorano in francese, tedesco e italiano.<\/p>\n<p>Constatando che l&#8217;emancipazione della donna non \u00e8 pi\u00f9 solo una lotta legislativa e politica, ma anche culturale e spirituale, la GLFS propone una ricerca iniziatica con lo scopo di lavorare per la perfezione morale, intellettuale e spirituale dell&#8217;umanit\u00e0.<br \/>\nLa GLSF sottolinea che la muratoria femminile non \u00e8 stata creata contro gli uomini, ma per le donne, e con questo scopo condiviso con le obbedienze maschili di costruire, attraverso il lavoro simbolico e la trasmissione iniziatica, una maggiore armonia nelle relazioni umane e la pienezza dell&#8217;essere.<\/p>\n<p>&nbsp;<\/p>\n<p>La GLSA e GLFS mantengono un dialogo regolare e armonioso tra gli organi direttivi di entrambe le obbedienze. Convinta che questi scambi non possono che essere vantaggiosi per la Massoneria e per gli obiettivi comuni della GLFS e della GLSA, quest&#8217;ultima incoraggia i contatti tra le logge delle due obbedienze intorno a discussioni e lavori non rituali.<\/p>\n<p>Per maggiori informazioni sulla Gran Loggia delle Donne in Svizzera: <a href=\"https:\/\/www.glfs-masonic.ch\" target=\"_blank\" rel=\"noopener\">www.glfs-masonic.ch<\/a><\/p>\n","protected":false},"excerpt":{"rendered":"<p>Massoneria femminile La GLSA \u00e8 un&#8217;obbedienza esclusivamente maschile, come tutte le altre Gran Logge regolari nel mondo. Le donne che [&hellip;]<\/p>\n","protected":false},"author":12,"featured_media":0,"parent":0,"menu_order":0,"comment_status":"closed","ping_status":"closed","template":"","meta":{"_uf_show_specific_survey":0,"_uf_disable_surveys":false,"footnotes":""},"class_list":["post-402","page","type-page","status-publish","hentry"],"aioseo_notices":[],"_links":{"self":[{"href":"https:\/\/old.freimaurerei.ch\/it\/wp-json\/wp\/v2\/pages\/402","targetHints":{"allow":["GET"]}}],"collection":[{"href":"https:\/\/old.freimaurerei.ch\/it\/wp-json\/wp\/v2\/pages"}],"about":[{"href":"https:\/\/old.freimaurerei.ch\/it\/wp-json\/wp\/v2\/types\/page"}],"author":[{"embeddable":true,"href":"https:\/\/old.freimaurerei.ch\/it\/wp-json\/wp\/v2\/users\/12"}],"replies":[{"embeddable":true,"href":"https:\/\/old.freimaurerei.ch\/it\/wp-json\/wp\/v2\/comments?post=402"}],"version-history":[{"count":7,"href":"https:\/\/old.freimaurerei.ch\/it\/wp-json\/wp\/v2\/pages\/402\/revisions"}],"predecessor-version":[{"id":3284,"href":"https:\/\/old.freimaurerei.ch\/it\/wp-json\/wp\/v2\/pages\/402\/revisions\/3284"}],"wp:attachment":[{"href":"https:\/\/old.freimaurerei.ch\/it\/wp-json\/wp\/v2\/media?parent=402"}],"curies":[{"name":"wp","href":"https:\/\/api.w.org\/{rel}","templated":true}]}}